{"id":168,"date":"2021-03-30T13:51:05","date_gmt":"2021-03-30T13:51:05","guid":{"rendered":"http:\/\/aveobilisim.com.tr\/tech\/?page_id=168"},"modified":"2022-07-26T08:23:44","modified_gmt":"2022-07-26T08:23:44","slug":"provea-analysis-2","status":"publish","type":"page","link":"http:\/\/aveobilisim.com\/?page_id=168","title":{"rendered":"Provea Analysis"},"content":{"rendered":"\t\t<div data-elementor-type=\"wp-page\" data-elementor-id=\"168\" class=\"elementor elementor-168\" data-elementor-settings=\"[]\">\r\n\t\t\t\t\t\t\t<div class=\"elementor-section-wrap\">\r\n\t\t\t\t\t\t\t<section class=\"elementor-section elementor-top-section elementor-element elementor-element-a62eff6 elementor-section-full_width elementor-section-content-middle elementor-section-height-default elementor-section-height-default\" data-id=\"a62eff6\" data-element_type=\"section\">\r\n\t\t\t\t\t\t<div class=\"elementor-container elementor-column-gap-no\">\r\n\t\t\t\t\t<div class=\"elementor-column elementor-col-100 elementor-top-column elementor-element elementor-element-54beaed\" data-id=\"54beaed\" data-element_type=\"column\">\r\n\t\t\t<div class=\"elementor-widget-wrap elementor-element-populated\">\r\n\t\t\t\t\t\t\t\t<div class=\"elementor-element elementor-element-76d2d30 elementor-widget elementor-widget-image\" data-id=\"76d2d30\" data-element_type=\"widget\" data-widget_type=\"image.default\">\r\n\t\t\t\t<div class=\"elementor-widget-container\">\r\n\t\t\t\t\t<div class=\"elementor-image\">\r\n\t\t\t\t\t\t\t\t\t\t\t<a href=\"https:\/\/proveaanalysis.com\/\">\r\n\t\t\t\t\t\t\t<img width=\"1898\" height=\"635\" src=\"http:\/\/aveobilisim.com\/wp-content\/uploads\/2021\/04\/provea_a1.png\" class=\"attachment-full size-full\" alt=\"\" loading=\"lazy\" srcset=\"http:\/\/aveobilisim.com\/wp-content\/uploads\/2021\/04\/provea_a1.png 1898w, http:\/\/aveobilisim.com\/wp-content\/uploads\/2021\/04\/provea_a1-300x100.png 300w, http:\/\/aveobilisim.com\/wp-content\/uploads\/2021\/04\/provea_a1-1024x343.png 1024w, http:\/\/aveobilisim.com\/wp-content\/uploads\/2021\/04\/provea_a1-768x257.png 768w, http:\/\/aveobilisim.com\/wp-content\/uploads\/2021\/04\/provea_a1-1536x514.png 1536w\" sizes=\"(max-width: 1898px) 100vw, 1898px\" \/>\t\t\t\t\t\t\t\t<\/a>\r\n\t\t\t\t\t\t\t\t\t\t\t<\/div>\r\n\t\t\t\t<\/div>\r\n\t\t\t\t<\/div>\r\n\t\t\t\t<div class=\"elementor-element elementor-element-41eaa8e elementor-widget elementor-widget-text-editor\" data-id=\"41eaa8e\" data-element_type=\"widget\" data-widget_type=\"text-editor.default\">\r\n\t\t\t\t<div class=\"elementor-widget-container\">\r\n\t\t\t\t\t<div class=\"elementor-text-editor elementor-clearfix\"><h5>\u00a0<\/h5><h5><a href=\"https:\/\/proveaanalysis.com\/\" target=\"_blank\" rel=\"noopener\"><span style=\"text-decoration: underline;\"><span style=\"color: #3366ff; text-decoration: underline;\">https:\/\/proveaanalysis.com\/<\/span><\/span><\/a><\/h5><\/div>\r\n\t\t\t\t<\/div>\r\n\t\t\t\t<\/div>\r\n\t\t\t\t<div class=\"elementor-element elementor-element-9c0c566 elementor-widget elementor-widget-heading\" data-id=\"9c0c566\" data-element_type=\"widget\" data-widget_type=\"heading.default\">\r\n\t\t\t\t<div class=\"elementor-widget-container\">\r\n\t\t\t<h2 class=\"elementor-heading-title elementor-size-default\"><a href=\"https:\/\/proveaanalysis.com\/\">Provea Analysis<\/a><\/h2>\t\t<\/div>\r\n\t\t\t\t<\/div>\r\n\t\t\t\t\t<\/div>\r\n\t\t<\/div>\r\n\t\t\t\t\t\t\t<\/div>\r\n\t\t<\/section>\r\n\t\t\t\t<section class=\"elementor-section elementor-top-section elementor-element elementor-element-f7d5f7d elementor-section-boxed elementor-section-height-default elementor-section-height-default\" data-id=\"f7d5f7d\" data-element_type=\"section\">\r\n\t\t\t\t\t\t<div class=\"elementor-container elementor-column-gap-default\">\r\n\t\t\t\t\t<div class=\"elementor-column elementor-col-100 elementor-top-column elementor-element elementor-element-176aa29\" data-id=\"176aa29\" data-element_type=\"column\">\r\n\t\t\t<div class=\"elementor-widget-wrap elementor-element-populated\">\r\n\t\t\t\t\t\t\t\t<div class=\"elementor-element elementor-element-bc10719 elementor-widget elementor-widget-heading\" data-id=\"bc10719\" data-element_type=\"widget\" data-widget_type=\"heading.default\">\r\n\t\t\t\t<div class=\"elementor-widget-container\">\r\n\t\t\t<h3 class=\"elementor-heading-title elementor-size-medium\">HASSAS TARIMDA YEN\u0130 B\u0130R ATILIM<\/h3>\t\t<\/div>\r\n\t\t\t\t<\/div>\r\n\t\t\t\t<div class=\"elementor-element elementor-element-cd98aa5 elementor-widget elementor-widget-text-editor\" data-id=\"cd98aa5\" data-element_type=\"widget\" data-widget_type=\"text-editor.default\">\r\n\t\t\t\t<div class=\"elementor-widget-container\">\r\n\t\t\t\t\t<div class=\"elementor-text-editor elementor-clearfix\"><p><span style=\"color: #000000;\">Tar\u0131m ve Orman Bakanl\u0131\u011f\u0131 deste\u011fi ile bitkisel \u00fcretim verilerinin ve multispectral uzaktan alg\u0131lama g\u00f6r\u00fcnt\u00fclerinin makine \u00f6\u011frenme teknikleriyle yeniden yorumlanmas\u0131yla ba\u015flayan \u2018<span style=\"color: #3366ff;\">Provea Hassas Tar\u0131m Karar Destek Sistemi<\/span>\u2019 kullan\u0131m\u0131, g\u00fcn\u00fcm\u00fczde bir\u00e7ok \u00fcr\u00fcnde verim\/rekolte, hastal\u0131k ve zararl\u0131 etkisi, su stresi, bitki besin maddesi ihtiyac\u0131 ve hasar tespiti belirleme \u00e7al\u0131\u015fmalar\u0131 ile devam etmektedir.<\/span><\/p><\/div>\r\n\t\t\t\t<\/div>\r\n\t\t\t\t<\/div>\r\n\t\t\t\t\t<\/div>\r\n\t\t<\/div>\r\n\t\t\t\t\t\t\t<\/div>\r\n\t\t<\/section>\r\n\t\t\t\t<section class=\"elementor-section elementor-top-section elementor-element elementor-element-18f44a6 elementor-section-boxed elementor-section-height-default elementor-section-height-default\" data-id=\"18f44a6\" data-element_type=\"section\">\r\n\t\t\t\t\t\t<div class=\"elementor-container elementor-column-gap-default\">\r\n\t\t\t\t\t<div class=\"elementor-column elementor-col-100 elementor-top-column elementor-element elementor-element-672bfd8\" data-id=\"672bfd8\" data-element_type=\"column\">\r\n\t\t\t<div class=\"elementor-widget-wrap elementor-element-populated\">\r\n\t\t\t\t\t\t\t\t<div class=\"elementor-element elementor-element-e194e43 elementor-widget elementor-widget-heading\" data-id=\"e194e43\" data-element_type=\"widget\" data-widget_type=\"heading.default\">\r\n\t\t\t\t<div class=\"elementor-widget-container\">\r\n\t\t\t<h3 class=\"elementor-heading-title elementor-size-default\">Rekolte Tahmini<\/h3>\t\t<\/div>\r\n\t\t\t\t<\/div>\r\n\t\t\t\t\t<\/div>\r\n\t\t<\/div>\r\n\t\t\t\t\t\t\t<\/div>\r\n\t\t<\/section>\r\n\t\t\t\t<section class=\"elementor-section elementor-top-section elementor-element elementor-element-4a04e5c elementor-section-boxed elementor-section-height-default elementor-section-height-default\" data-id=\"4a04e5c\" data-element_type=\"section\">\r\n\t\t\t\t\t\t<div class=\"elementor-container elementor-column-gap-default\">\r\n\t\t\t\t\t<div class=\"elementor-column elementor-col-50 elementor-top-column elementor-element elementor-element-474a11e\" data-id=\"474a11e\" data-element_type=\"column\">\r\n\t\t\t<div class=\"elementor-widget-wrap elementor-element-populated\">\r\n\t\t\t\t\t\t\t\t<div class=\"elementor-element elementor-element-922bbba elementor-widget elementor-widget-heading\" data-id=\"922bbba\" data-element_type=\"widget\" data-widget_type=\"heading.default\">\r\n\t\t\t\t<div class=\"elementor-widget-container\">\r\n\t\t\t<h3 class=\"elementor-heading-title elementor-size-default\">\u00dcz\u00fcm <\/h3>\t\t<\/div>\r\n\t\t\t\t<\/div>\r\n\t\t\t\t<div class=\"elementor-element elementor-element-6e7dfa0 elementor-widget elementor-widget-image\" data-id=\"6e7dfa0\" data-element_type=\"widget\" data-widget_type=\"image.default\">\r\n\t\t\t\t<div class=\"elementor-widget-container\">\r\n\t\t\t\t\t<div class=\"elementor-image\">\r\n\t\t\t\t\t\t\t\t\t\t<img src=\"http:\/\/aveobilisim.com\/wp-content\/uploads\/elementor\/thumbs\/resim_2021-05-04_204546-plibws4kqgob4iuzck9cpcad12yhd8ksbl7zqwnhgi.png\" title=\"resim_2021-05-04_204546\" alt=\"resim_2021-05-04_204546\" \/>\t\t\t\t\t\t\t\t\t\t\t<\/div>\r\n\t\t\t\t<\/div>\r\n\t\t\t\t<\/div>\r\n\t\t\t\t\t<\/div>\r\n\t\t<\/div>\r\n\t\t\t\t<div class=\"elementor-column elementor-col-50 elementor-top-column elementor-element elementor-element-00b4a01\" data-id=\"00b4a01\" data-element_type=\"column\">\r\n\t\t\t<div class=\"elementor-widget-wrap elementor-element-populated\">\r\n\t\t\t\t\t\t\t\t<div class=\"elementor-element elementor-element-bd1c685 elementor-widget elementor-widget-heading\" data-id=\"bd1c685\" data-element_type=\"widget\" data-widget_type=\"heading.default\">\r\n\t\t\t\t<div class=\"elementor-widget-container\">\r\n\t\t\t<h3 class=\"elementor-heading-title elementor-size-default\">Zeytin<\/h3>\t\t<\/div>\r\n\t\t\t\t<\/div>\r\n\t\t\t\t<div class=\"elementor-element elementor-element-384c156 elementor-widget elementor-widget-image\" data-id=\"384c156\" data-element_type=\"widget\" data-widget_type=\"image.default\">\r\n\t\t\t\t<div class=\"elementor-widget-container\">\r\n\t\t\t\t\t<div class=\"elementor-image\">\r\n\t\t\t\t\t\t\t\t\t\t<img width=\"480\" height=\"288\" src=\"http:\/\/aveobilisim.com\/wp-content\/uploads\/2022\/03\/resim_2021-05-04_172127.png\" class=\"attachment-2048x2048 size-2048x2048\" alt=\"\" loading=\"lazy\" srcset=\"http:\/\/aveobilisim.com\/wp-content\/uploads\/2022\/03\/resim_2021-05-04_172127.png 480w, http:\/\/aveobilisim.com\/wp-content\/uploads\/2022\/03\/resim_2021-05-04_172127-300x180.png 300w\" sizes=\"(max-width: 480px) 100vw, 480px\" \/>\t\t\t\t\t\t\t\t\t\t\t<\/div>\r\n\t\t\t\t<\/div>\r\n\t\t\t\t<\/div>\r\n\t\t\t\t\t<\/div>\r\n\t\t<\/div>\r\n\t\t\t\t\t\t\t<\/div>\r\n\t\t<\/section>\r\n\t\t\t\t<section class=\"elementor-section elementor-top-section elementor-element elementor-element-27b09ab elementor-section-boxed elementor-section-height-default elementor-section-height-default\" data-id=\"27b09ab\" data-element_type=\"section\">\r\n\t\t\t\t\t\t<div class=\"elementor-container elementor-column-gap-default\">\r\n\t\t\t\t\t<div class=\"elementor-column elementor-col-100 elementor-top-column elementor-element elementor-element-c2058c0\" data-id=\"c2058c0\" data-element_type=\"column\">\r\n\t\t\t<div class=\"elementor-widget-wrap elementor-element-populated\">\r\n\t\t\t\t\t\t\t\t<div class=\"elementor-element elementor-element-da3b227 elementor-widget elementor-widget-heading\" data-id=\"da3b227\" data-element_type=\"widget\" data-widget_type=\"heading.default\">\r\n\t\t\t\t<div class=\"elementor-widget-container\">\r\n\t\t\t<h3 class=\"elementor-heading-title elementor-size-default\">Hastal\u0131k Tespiti<\/h3>\t\t<\/div>\r\n\t\t\t\t<\/div>\r\n\t\t\t\t<div class=\"elementor-element elementor-element-4f13b76 elementor-widget elementor-widget-text-editor\" data-id=\"4f13b76\" data-element_type=\"widget\" data-widget_type=\"text-editor.default\">\r\n\t\t\t\t<div class=\"elementor-widget-container\">\r\n\t\t\t\t\t<div class=\"elementor-text-editor elementor-clearfix\"><span style=\"color: #000000; font-family: 'Arial'; text-align: justify;\">Arazi \u00fczerinde bulunan anormalliklerin tespit edilmesi ve bu anormalliklerin y\u00fczde olarak grupland\u0131r\u0131larak ayr\u0131\u015ft\u0131r\u0131ld\u0131\u011f\u0131 hastal\u0131k yo\u011funlu\u011fu haritalar\u0131 ile mahsul veriminin artt\u0131r\u0131lmas\u0131 ve hastal\u0131k takibinin h\u0131zl\u0131 bir \u015fekilde ger\u00e7ekle\u015ftirilebilmesi m\u00fcmk\u00fcnd\u00fcr.<\/span><\/div>\r\n\t\t\t\t<\/div>\r\n\t\t\t\t<\/div>\r\n\t\t\t\t\t<\/div>\r\n\t\t<\/div>\r\n\t\t\t\t\t\t\t<\/div>\r\n\t\t<\/section>\r\n\t\t\t\t<section class=\"elementor-section elementor-top-section elementor-element elementor-element-b9b5b98 elementor-section-boxed elementor-section-height-default elementor-section-height-default\" data-id=\"b9b5b98\" data-element_type=\"section\" data-settings=\"{&quot;background_background&quot;:&quot;classic&quot;}\">\r\n\t\t\t\t\t\t<div class=\"elementor-container elementor-column-gap-default\">\r\n\t\t\t\t\t<div class=\"elementor-column elementor-col-50 elementor-top-column elementor-element elementor-element-e255b41\" data-id=\"e255b41\" data-element_type=\"column\">\r\n\t\t\t<div class=\"elementor-widget-wrap elementor-element-populated\">\r\n\t\t\t\t\t\t\t\t<div class=\"elementor-element elementor-element-11dbdc9 elementor-widget elementor-widget-heading\" data-id=\"11dbdc9\" data-element_type=\"widget\" data-widget_type=\"heading.default\">\r\n\t\t\t\t<div class=\"elementor-widget-container\">\r\n\t\t\t<h3 class=\"elementor-heading-title elementor-size-default\">\u00dcz\u00fcm <\/h3>\t\t<\/div>\r\n\t\t\t\t<\/div>\r\n\t\t\t\t<div class=\"elementor-element elementor-element-8805294 elementor-arrows-position-inside elementor-pagination-position-outside elementor-widget elementor-widget-image-carousel\" data-id=\"8805294\" data-element_type=\"widget\" data-settings=\"{&quot;slides_to_show&quot;:&quot;1&quot;,&quot;navigation&quot;:&quot;both&quot;,&quot;autoplay&quot;:&quot;yes&quot;,&quot;pause_on_hover&quot;:&quot;yes&quot;,&quot;pause_on_interaction&quot;:&quot;yes&quot;,&quot;autoplay_speed&quot;:5000,&quot;infinite&quot;:&quot;yes&quot;,&quot;effect&quot;:&quot;slide&quot;,&quot;speed&quot;:500}\" data-widget_type=\"image-carousel.default\">\r\n\t\t\t\t<div class=\"elementor-widget-container\">\r\n\t\t\t\t\t<div class=\"elementor-image-carousel-wrapper swiper-container\" dir=\"ltr\">\r\n\t\t\t<div class=\"elementor-image-carousel swiper-wrapper\">\r\n\t\t\t\t<div class=\"swiper-slide\"><figure class=\"swiper-slide-inner\"><img class=\"swiper-slide-image\" src=\"http:\/\/aveobilisim.com\/wp-content\/uploads\/2021\/05\/olu-kol-768x470.png\" alt=\"\u00f6l\u00fc kol\" \/><\/figure><\/div><div class=\"swiper-slide\"><figure class=\"swiper-slide-inner\"><img class=\"swiper-slide-image\" src=\"http:\/\/aveobilisim.com\/wp-content\/uploads\/2021\/05\/kulleme-768x470.png\" alt=\"kulleme\" \/><\/figure><\/div><div class=\"swiper-slide\"><figure class=\"swiper-slide-inner\"><img class=\"swiper-slide-image\" src=\"http:\/\/aveobilisim.com\/wp-content\/uploads\/2021\/05\/bagUyuzu-768x470.png\" alt=\"bagUyuzu\" \/><\/figure><\/div>\t\t\t<\/div>\r\n\t\t\t\t\t\t\t\t\t\t\t\t<div class=\"swiper-pagination\"><\/div>\r\n\t\t\t\t\t\t\t\t\t\t\t\t\t<div class=\"elementor-swiper-button elementor-swiper-button-prev\">\r\n\t\t\t\t\t\t<i class=\"eicon-chevron-left\" aria-hidden=\"true\"><\/i>\r\n\t\t\t\t\t\t<span class=\"elementor-screen-only\">Previous<\/span>\r\n\t\t\t\t\t<\/div>\r\n\t\t\t\t\t<div class=\"elementor-swiper-button elementor-swiper-button-next\">\r\n\t\t\t\t\t\t<i class=\"eicon-chevron-right\" aria-hidden=\"true\"><\/i>\r\n\t\t\t\t\t\t<span class=\"elementor-screen-only\">Next<\/span>\r\n\t\t\t\t\t<\/div>\r\n\t\t\t\t\t\t\t\t\t<\/div>\r\n\t\t\t\t<\/div>\r\n\t\t\t\t<\/div>\r\n\t\t\t\t\t<\/div>\r\n\t\t<\/div>\r\n\t\t\t\t<div class=\"elementor-column elementor-col-50 elementor-top-column elementor-element elementor-element-c314206\" data-id=\"c314206\" data-element_type=\"column\">\r\n\t\t\t<div class=\"elementor-widget-wrap elementor-element-populated\">\r\n\t\t\t\t\t\t\t\t<div class=\"elementor-element elementor-element-ba6434d elementor-widget elementor-widget-heading\" data-id=\"ba6434d\" data-element_type=\"widget\" data-widget_type=\"heading.default\">\r\n\t\t\t\t<div class=\"elementor-widget-container\">\r\n\t\t\t<h3 class=\"elementor-heading-title elementor-size-default\">Zeytin<\/h3>\t\t<\/div>\r\n\t\t\t\t<\/div>\r\n\t\t\t\t<div class=\"elementor-element elementor-element-babab54 elementor-arrows-position-inside elementor-pagination-position-outside elementor-widget elementor-widget-image-carousel\" data-id=\"babab54\" data-element_type=\"widget\" data-settings=\"{&quot;slides_to_show&quot;:&quot;1&quot;,&quot;navigation&quot;:&quot;both&quot;,&quot;autoplay&quot;:&quot;yes&quot;,&quot;pause_on_hover&quot;:&quot;yes&quot;,&quot;pause_on_interaction&quot;:&quot;yes&quot;,&quot;autoplay_speed&quot;:5000,&quot;infinite&quot;:&quot;yes&quot;,&quot;effect&quot;:&quot;slide&quot;,&quot;speed&quot;:500}\" data-widget_type=\"image-carousel.default\">\r\n\t\t\t\t<div class=\"elementor-widget-container\">\r\n\t\t\t\t\t<div class=\"elementor-image-carousel-wrapper swiper-container\" dir=\"ltr\">\r\n\t\t\t<div class=\"elementor-image-carousel swiper-wrapper\">\r\n\t\t\t\t<div class=\"swiper-slide\"><figure class=\"swiper-slide-inner\"><img class=\"swiper-slide-image\" src=\"http:\/\/aveobilisim.com\/wp-content\/uploads\/elementor\/thumbs\/imageedit_1_6117975405-pl64ieo3h6nhvcdn14r6zlk7vh1ob04rhsa3xtjklc.png\" alt=\"imageedit_1_6117975405\" \/><\/figure><\/div><div class=\"swiper-slide\"><figure class=\"swiper-slide-inner\"><img class=\"swiper-slide-image\" src=\"http:\/\/aveobilisim.com\/wp-content\/uploads\/elementor\/thumbs\/imageedit_14_7448667969-pl64igjruuq2ikawq5kg4l3528seqec861l2wdgs8w.png\" alt=\"imageedit_14_7448667969\" \/><\/figure><\/div><div class=\"swiper-slide\"><figure class=\"swiper-slide-inner\"><img class=\"swiper-slide-image\" src=\"http:\/\/aveobilisim.com\/wp-content\/uploads\/elementor\/thumbs\/imageedit_16_5900879270-pl64igjruuq2ikawq5kg4l3528seqec861l2wdgs8w.png\" alt=\"imageedit_16_5900879270\" \/><\/figure><\/div>\t\t\t<\/div>\r\n\t\t\t\t\t\t\t\t\t\t\t\t<div class=\"swiper-pagination\"><\/div>\r\n\t\t\t\t\t\t\t\t\t\t\t\t\t<div class=\"elementor-swiper-button elementor-swiper-button-prev\">\r\n\t\t\t\t\t\t<i class=\"eicon-chevron-left\" aria-hidden=\"true\"><\/i>\r\n\t\t\t\t\t\t<span class=\"elementor-screen-only\">Previous<\/span>\r\n\t\t\t\t\t<\/div>\r\n\t\t\t\t\t<div class=\"elementor-swiper-button elementor-swiper-button-next\">\r\n\t\t\t\t\t\t<i class=\"eicon-chevron-right\" aria-hidden=\"true\"><\/i>\r\n\t\t\t\t\t\t<span class=\"elementor-screen-only\">Next<\/span>\r\n\t\t\t\t\t<\/div>\r\n\t\t\t\t\t\t\t\t\t<\/div>\r\n\t\t\t\t<\/div>\r\n\t\t\t\t<\/div>\r\n\t\t\t\t\t<\/div>\r\n\t\t<\/div>\r\n\t\t\t\t\t\t\t<\/div>\r\n\t\t<\/section>\r\n\t\t\t\t<section class=\"elementor-section elementor-top-section elementor-element elementor-element-39819d3 elementor-section-boxed elementor-section-height-default elementor-section-height-default\" data-id=\"39819d3\" data-element_type=\"section\">\r\n\t\t\t\t\t\t<div class=\"elementor-container elementor-column-gap-default\">\r\n\t\t\t\t\t<div class=\"elementor-column elementor-col-100 elementor-top-column elementor-element elementor-element-3e9186b\" data-id=\"3e9186b\" data-element_type=\"column\">\r\n\t\t\t<div class=\"elementor-widget-wrap elementor-element-populated\">\r\n\t\t\t\t\t\t\t\t<div class=\"elementor-element elementor-element-3279426 elementor-widget elementor-widget-heading\" data-id=\"3279426\" data-element_type=\"widget\" data-widget_type=\"heading.default\">\r\n\t\t\t\t<div class=\"elementor-widget-container\">\r\n\t\t\t<h3 class=\"elementor-heading-title elementor-size-default\">Yabani Ot Yo\u011funlu\u011fu <\/h3>\t\t<\/div>\r\n\t\t\t\t<\/div>\r\n\t\t\t\t<div class=\"elementor-element elementor-element-9b56055 elementor-widget elementor-widget-text-editor\" data-id=\"9b56055\" data-element_type=\"widget\" data-widget_type=\"text-editor.default\">\r\n\t\t\t\t<div class=\"elementor-widget-container\">\r\n\t\t\t\t\t<div class=\"elementor-text-editor elementor-clearfix\"><p><span style=\"color: #000000;\">Tar\u0131m alanlar\u0131nda bulunan yabani otlar mahsul veriminin d\u00fc\u015fmesine yol a\u00e7maktad\u0131r. Tarla \u00fczerindeki yabani otlar\u0131n tespit edilmesi sonucunda mahsul verimlili\u011finin artt\u0131r\u0131lmas\u0131 m\u00fcmk\u00fcn olmaktad\u0131r.<\/span><\/p><\/div>\r\n\t\t\t\t<\/div>\r\n\t\t\t\t<\/div>\r\n\t\t\t\t<section class=\"elementor-section elementor-inner-section elementor-element elementor-element-637ac3e elementor-section-full_width elementor-section-height-default elementor-section-height-default\" data-id=\"637ac3e\" data-element_type=\"section\">\r\n\t\t\t\t\t\t<div class=\"elementor-container elementor-column-gap-default\">\r\n\t\t\t\t\t<div class=\"elementor-column elementor-col-50 elementor-inner-column elementor-element elementor-element-f37d9e7\" data-id=\"f37d9e7\" data-element_type=\"column\">\r\n\t\t\t<div class=\"elementor-widget-wrap elementor-element-populated\">\r\n\t\t\t\t\t\t\t\t<div class=\"elementor-element elementor-element-e4b7cc1 elementor-widget elementor-widget-heading\" data-id=\"e4b7cc1\" data-element_type=\"widget\" data-widget_type=\"heading.default\">\r\n\t\t\t\t<div class=\"elementor-widget-container\">\r\n\t\t\t<h3 class=\"elementor-heading-title elementor-size-default\">\u00dcz\u00fcm <\/h3>\t\t<\/div>\r\n\t\t\t\t<\/div>\r\n\t\t\t\t<div class=\"elementor-element elementor-element-c4bd375 elementor-widget elementor-widget-image\" data-id=\"c4bd375\" data-element_type=\"widget\" data-widget_type=\"image.default\">\r\n\t\t\t\t<div class=\"elementor-widget-container\">\r\n\t\t\t\t\t<div class=\"elementor-image\">\r\n\t\t\t\t\t\t\t\t\t\t<img width=\"300\" height=\"268\" src=\"http:\/\/aveobilisim.com\/wp-content\/uploads\/2021\/05\/image-300x268.jpg\" class=\"attachment-medium size-medium\" alt=\"\" loading=\"lazy\" srcset=\"http:\/\/aveobilisim.com\/wp-content\/uploads\/2021\/05\/image-300x268.jpg 300w, http:\/\/aveobilisim.com\/wp-content\/uploads\/2021\/05\/image-1024x913.jpg 1024w, http:\/\/aveobilisim.com\/wp-content\/uploads\/2021\/05\/image-768x685.jpg 768w, http:\/\/aveobilisim.com\/wp-content\/uploads\/2021\/05\/image-1536x1370.jpg 1536w, http:\/\/aveobilisim.com\/wp-content\/uploads\/2021\/05\/image-2048x1827.jpg 2048w\" sizes=\"(max-width: 300px) 100vw, 300px\" \/>\t\t\t\t\t\t\t\t\t\t\t<\/div>\r\n\t\t\t\t<\/div>\r\n\t\t\t\t<\/div>\r\n\t\t\t\t\t<\/div>\r\n\t\t<\/div>\r\n\t\t\t\t<div class=\"elementor-column elementor-col-50 elementor-inner-column elementor-element elementor-element-fb3b8cd\" data-id=\"fb3b8cd\" data-element_type=\"column\">\r\n\t\t\t<div class=\"elementor-widget-wrap elementor-element-populated\">\r\n\t\t\t\t\t\t\t\t<div class=\"elementor-element elementor-element-8539d31 elementor-widget elementor-widget-heading\" data-id=\"8539d31\" data-element_type=\"widget\" data-widget_type=\"heading.default\">\r\n\t\t\t\t<div class=\"elementor-widget-container\">\r\n\t\t\t<h3 class=\"elementor-heading-title elementor-size-default\">Zeytin<\/h3>\t\t<\/div>\r\n\t\t\t\t<\/div>\r\n\t\t\t\t<div class=\"elementor-element elementor-element-cac5c51 elementor-widget elementor-widget-image\" data-id=\"cac5c51\" data-element_type=\"widget\" data-widget_type=\"image.default\">\r\n\t\t\t\t<div class=\"elementor-widget-container\">\r\n\t\t\t\t\t<div class=\"elementor-image\">\r\n\t\t\t\t\t\t\t\t\t\t<img src=\"http:\/\/aveobilisim.com\/wp-content\/uploads\/elementor\/thumbs\/tarnet_1_weed_seg-scaled-pl64ieomyv290h7n89mhyj1uxir8ib388ak15n7lhk.jpg\" title=\"tarnet_1_weed_seg\" alt=\"tarnet_1_weed_seg\" \/>\t\t\t\t\t\t\t\t\t\t\t<\/div>\r\n\t\t\t\t<\/div>\r\n\t\t\t\t<\/div>\r\n\t\t\t\t\t<\/div>\r\n\t\t<\/div>\r\n\t\t\t\t\t\t\t<\/div>\r\n\t\t<\/section>\r\n\t\t\t\t\t<\/div>\r\n\t\t<\/div>\r\n\t\t\t\t\t\t\t<\/div>\r\n\t\t<\/section>\r\n\t\t\t\t\t\t<\/div>\r\n\t\t\t\t\t<\/div>\r\n\t\t","protected":false},"excerpt":{"rendered":"<p>\u00a0 https:\/\/proveaanalysis.com\/ Provea Analysis HASSAS TARIMDA YEN\u0130 B\u0130R ATILIM Tar\u0131m ve Orman Bakanl\u0131\u011f\u0131 deste\u011fi ile bitkisel \u00fcretim verilerinin ve multispectral uzaktan alg\u0131lama g\u00f6r\u00fcnt\u00fclerinin makine \u00f6\u011frenme teknikleriyle yeniden yorumlanmas\u0131yla ba\u015flayan \u2018Provea Hassas Tar\u0131m Karar Destek Sistemi\u2019 kullan\u0131m\u0131, g\u00fcn\u00fcm\u00fczde bir\u00e7ok \u00fcr\u00fcnde verim\/rekolte, hastal\u0131k ve zararl\u0131 etkisi, su stresi, bitki besin maddesi ihtiyac\u0131 ve hasar tespiti belirleme \u00e7al\u0131\u015fmalar\u0131 &hellip;<\/p>\n<p class=\"read-more\"> <a class=\"\" href=\"http:\/\/aveobilisim.com\/?page_id=168\"> <span class=\"screen-reader-text\">Provea Analysis<\/span> Read More &raquo;<\/a><\/p>\n","protected":false},"author":2,"featured_media":0,"parent":0,"menu_order":0,"comment_status":"closed","ping_status":"closed","template":"","meta":[],"_links":{"self":[{"href":"http:\/\/aveobilisim.com\/index.php?rest_route=\/wp\/v2\/pages\/168"}],"collection":[{"href":"http:\/\/aveobilisim.com\/index.php?rest_route=\/wp\/v2\/pages"}],"about":[{"href":"http:\/\/aveobilisim.com\/index.php?rest_route=\/wp\/v2\/types\/page"}],"author":[{"embeddable":true,"href":"http:\/\/aveobilisim.com\/index.php?rest_route=\/wp\/v2\/users\/2"}],"replies":[{"embeddable":true,"href":"http:\/\/aveobilisim.com\/index.php?rest_route=%2Fwp%2Fv2%2Fcomments&post=168"}],"version-history":[{"count":30,"href":"http:\/\/aveobilisim.com\/index.php?rest_route=\/wp\/v2\/pages\/168\/revisions"}],"predecessor-version":[{"id":2965,"href":"http:\/\/aveobilisim.com\/index.php?rest_route=\/wp\/v2\/pages\/168\/revisions\/2965"}],"wp:attachment":[{"href":"http:\/\/aveobilisim.com\/index.php?rest_route=%2Fwp%2Fv2%2Fmedia&parent=168"}],"curies":[{"name":"wp","href":"https:\/\/api.w.org\/{rel}","templated":true}]}}