{"id":2197,"date":"2021-04-12T11:27:00","date_gmt":"2021-04-12T11:27:00","guid":{"rendered":"http:\/\/aveobilisim.com\/?page_id=2197"},"modified":"2021-05-07T15:52:28","modified_gmt":"2021-05-07T15:52:28","slug":"about-us","status":"publish","type":"page","link":"http:\/\/aveobilisim.com\/?page_id=2197","title":{"rendered":"About"},"content":{"rendered":"\t\t<div data-elementor-type=\"wp-page\" data-elementor-id=\"2197\" class=\"elementor elementor-2197\" data-elementor-settings=\"[]\">\r\n\t\t\t\t\t\t\t<div class=\"elementor-section-wrap\">\r\n\t\t\t\t\t\t\t<section class=\"elementor-section elementor-top-section elementor-element elementor-element-e0255d5 elementor-section-full_width elementor-section-height-min-height elementor-section-height-default elementor-section-items-middle\" data-id=\"e0255d5\" data-element_type=\"section\">\r\n\t\t\t\t\t\t<div class=\"elementor-container elementor-column-gap-default\">\r\n\t\t\t\t\t<div class=\"elementor-column elementor-col-100 elementor-top-column elementor-element elementor-element-6c0a009\" data-id=\"6c0a009\" data-element_type=\"column\">\r\n\t\t\t<div class=\"elementor-widget-wrap elementor-element-populated\">\r\n\t\t\t\t\t\t\t\t<div class=\"elementor-element elementor-element-20057d5 elementor-widget elementor-widget-image\" data-id=\"20057d5\" data-element_type=\"widget\" data-widget_type=\"image.default\">\r\n\t\t\t\t<div class=\"elementor-widget-container\">\r\n\t\t\t\t\t<div class=\"elementor-image\">\r\n\t\t\t\t\t\t\t\t\t\t<img src=\"http:\/\/aveobilisim.com\/wp-content\/uploads\/elementor\/thumbs\/about1-pl64im7gdvgg727ixl8b1egajh2ceftymvv28sllco.png\" title=\"\" alt=\"\" \/>\t\t\t\t\t\t\t\t\t\t\t<\/div>\r\n\t\t\t\t<\/div>\r\n\t\t\t\t<\/div>\r\n\t\t\t\t<div class=\"elementor-element elementor-element-f7d160c elementor-hidden-desktop elementor-hidden-tablet elementor-widget elementor-widget-heading\" data-id=\"f7d160c\" data-element_type=\"widget\" data-widget_type=\"heading.default\">\r\n\t\t\t\t<div class=\"elementor-widget-container\">\r\n\t\t\t<h2 class=\"elementor-heading-title elementor-size-default\">ABOUT<\/h2>\t\t<\/div>\r\n\t\t\t\t<\/div>\r\n\t\t\t\t<div class=\"elementor-element elementor-element-21371e9 animated-slow elementor-hidden-phone elementor-invisible elementor-widget elementor-widget-heading\" data-id=\"21371e9\" data-element_type=\"widget\" data-settings=\"{&quot;_animation&quot;:&quot;fadeInLeft&quot;}\" data-widget_type=\"heading.default\">\r\n\t\t\t\t<div class=\"elementor-widget-container\">\r\n\t\t\t<h1 class=\"elementor-heading-title elementor-size-xxl\">ABOUT <\/h1>\t\t<\/div>\r\n\t\t\t\t<\/div>\r\n\t\t\t\t\t<\/div>\r\n\t\t<\/div>\r\n\t\t\t\t\t\t\t<\/div>\r\n\t\t<\/section>\r\n\t\t\t\t<section class=\"elementor-section elementor-top-section elementor-element elementor-element-32c042e elementor-section-full_width elementor-section-height-default elementor-section-height-default\" data-id=\"32c042e\" data-element_type=\"section\">\r\n\t\t\t\t\t\t<div class=\"elementor-container elementor-column-gap-default\">\r\n\t\t\t\t\t<div class=\"elementor-column elementor-col-100 elementor-top-column elementor-element elementor-element-ffbc06e\" data-id=\"ffbc06e\" data-element_type=\"column\">\r\n\t\t\t<div class=\"elementor-widget-wrap elementor-element-populated\">\r\n\t\t\t\t\t\t\t\t<section class=\"elementor-section elementor-inner-section elementor-element elementor-element-aed7e15 elementor-section-full_width elementor-section-height-default elementor-section-height-default\" data-id=\"aed7e15\" data-element_type=\"section\">\r\n\t\t\t\t\t\t<div class=\"elementor-container elementor-column-gap-default\">\r\n\t\t\t\t\t<div class=\"elementor-column elementor-col-50 elementor-inner-column elementor-element elementor-element-ed3c1b7\" data-id=\"ed3c1b7\" data-element_type=\"column\">\r\n\t\t\t<div class=\"elementor-widget-wrap elementor-element-populated\">\r\n\t\t\t\t\t\t\t\t<div class=\"elementor-element elementor-element-d96269b elementor-widget elementor-widget-image\" data-id=\"d96269b\" data-element_type=\"widget\" data-widget_type=\"image.default\">\r\n\t\t\t\t<div class=\"elementor-widget-container\">\r\n\t\t\t\t\t<div class=\"elementor-image\">\r\n\t\t\t\t\t\t\t\t\t\t<img src=\"http:\/\/aveobilisim.com\/wp-content\/uploads\/elementor\/thumbs\/about2-pl64ikbd56b6lfmflsdv4qjgme4lboksoamwxbezk8.png\" title=\"about2\" alt=\"about2\" \/>\t\t\t\t\t\t\t\t\t\t\t<\/div>\r\n\t\t\t\t<\/div>\r\n\t\t\t\t<\/div>\r\n\t\t\t\t\t<\/div>\r\n\t\t<\/div>\r\n\t\t\t\t<div class=\"elementor-column elementor-col-50 elementor-inner-column elementor-element elementor-element-ec49575\" data-id=\"ec49575\" data-element_type=\"column\">\r\n\t\t\t<div class=\"elementor-widget-wrap elementor-element-populated\">\r\n\t\t\t\t\t\t\t\t<div class=\"elementor-element elementor-element-ccdc13f elementor-widget elementor-widget-text-editor\" data-id=\"ccdc13f\" data-element_type=\"widget\" data-widget_type=\"text-editor.default\">\r\n\t\t\t\t<div class=\"elementor-widget-container\">\r\n\t\t\t\t\t<div class=\"elementor-text-editor elementor-clearfix\"><p><span style=\"color: #000000;\">AVEO Informatics Engineering Project and Consultancy Audit Trade Limited Company started its activities in May 2012. Our company was established to prepare R&amp;D projects, provide investment and financial consultancy services, and prepare feasibility studies for local, regional and national investment projects. Projects have been developed and studies are ongoing in order to benefit from national or international grant programs for entrepreneurs, companies and NGOs in the agricultural sector.<\/span><\/p><p><span style=\"color: #000000;\">&#8220;PROVEA Precision Agriculture Decision Support System&#8221;, which is an Agriculture 4.0 application, started to be developed in 2016 in order to provide high-accuracy solutions about productivity \/ yield, disease \/ pest effect and damage detection in agricultural products. The system is developed based on information technologies, using image processing and machine learning techniques and unmanned aerial vehicles.<\/span><\/p><p><span style=\"color: #000000;\">The successful results obtained have led us to develop new algorithms for determining yield \/ yield determination for different agricultural products, plant health, plant nutrition, water stress and damage such as frost \/ hail effect with the help of machine learning techniques and statistical methods. As a result of the studies carried out, with the PROVEA Precision Agriculture Decision Support System application, an IT solutions infrastructure for the agricultural sector has been created and reports are made. In addition, PROVEA SATELLITE has been developed for tracking field crops in time series via satellite, and phytosanitary, plant nutrition and water stress reports are made.<\/span><\/p><p><span style=\"color: #000000;\">Our company has been working with AVEO Bili\u015fim Teknolojileri A.\u015e. and continues its system development studies for all agricultural products in OSTIM Technopark and provides services to producers.<\/span><\/p><\/div>\r\n\t\t\t\t<\/div>\r\n\t\t\t\t<\/div>\r\n\t\t\t\t\t<\/div>\r\n\t\t<\/div>\r\n\t\t\t\t\t\t\t<\/div>\r\n\t\t<\/section>\r\n\t\t\t\t\t<\/div>\r\n\t\t<\/div>\r\n\t\t\t\t\t\t\t<\/div>\r\n\t\t<\/section>\r\n\t\t\t\t<section class=\"elementor-section elementor-top-section elementor-element elementor-element-e1f5954 elementor-section-boxed elementor-section-height-default elementor-section-height-default\" data-id=\"e1f5954\" data-element_type=\"section\" data-settings=\"{&quot;background_background&quot;:&quot;classic&quot;}\">\r\n\t\t\t\t\t\t<div class=\"elementor-container elementor-column-gap-default\">\r\n\t\t\t\t\t<div class=\"elementor-column elementor-col-100 elementor-top-column elementor-element elementor-element-4404461\" data-id=\"4404461\" data-element_type=\"column\">\r\n\t\t\t<div class=\"elementor-widget-wrap elementor-element-populated\">\r\n\t\t\t\t\t\t\t\t<div class=\"elementor-element elementor-element-6590458 elementor-widget elementor-widget-heading\" data-id=\"6590458\" data-element_type=\"widget\" data-widget_type=\"heading.default\">\r\n\t\t\t\t<div class=\"elementor-widget-container\">\r\n\t\t\t<h1 class=\"elementor-heading-title elementor-size-default\">Our Products<\/h1>\t\t<\/div>\r\n\t\t\t\t<\/div>\r\n\t\t\t\t<section class=\"elementor-section elementor-inner-section elementor-element elementor-element-6d48829 elementor-section-boxed elementor-section-height-default elementor-section-height-default\" data-id=\"6d48829\" data-element_type=\"section\">\r\n\t\t\t\t\t\t<div class=\"elementor-container elementor-column-gap-default\">\r\n\t\t\t\t\t<div class=\"elementor-column elementor-col-50 elementor-inner-column elementor-element elementor-element-ae8bdd4\" data-id=\"ae8bdd4\" data-element_type=\"column\">\r\n\t\t\t<div class=\"elementor-widget-wrap elementor-element-populated\">\r\n\t\t\t\t\t\t\t\t<div class=\"elementor-element elementor-element-7a6468b elementor-widget elementor-widget-text-editor\" data-id=\"7a6468b\" data-element_type=\"widget\" data-widget_type=\"text-editor.default\">\r\n\t\t\t\t<div class=\"elementor-widget-container\">\r\n\t\t\t\t\t<div class=\"elementor-text-editor elementor-clearfix\"><h5><a href=\"http:\/\/aveobilisim.com\/?page_id=1451\"><span style=\"color: #333399;\"><strong>Provea Analysis<\/strong><\/span><\/a><\/h5><\/div>\r\n\t\t\t\t<\/div>\r\n\t\t\t\t<\/div>\r\n\t\t\t\t<div class=\"elementor-element elementor-element-0bab769 elementor-widget elementor-widget-image\" data-id=\"0bab769\" data-element_type=\"widget\" data-widget_type=\"image.default\">\r\n\t\t\t\t<div class=\"elementor-widget-container\">\r\n\t\t\t\t\t<div class=\"elementor-image\">\r\n\t\t\t\t\t\t\t\t\t\t\t<a href=\"http:\/\/aveobilisim.com\/?page_id=1451\" target=\"_blank\">\r\n\t\t\t\t\t\t\t<img src=\"http:\/\/aveobilisim.com\/wp-content\/uploads\/elementor\/thumbs\/about3-pl64ikbbxbilva4mluukvvqlhlawugda54oa9ob0rq.png\" title=\"\" alt=\"\" \/>\t\t\t\t\t\t\t\t<\/a>\r\n\t\t\t\t\t\t\t\t\t\t\t<\/div>\r\n\t\t\t\t<\/div>\r\n\t\t\t\t<\/div>\r\n\t\t\t\t\t<\/div>\r\n\t\t<\/div>\r\n\t\t\t\t<div class=\"elementor-column elementor-col-50 elementor-inner-column elementor-element elementor-element-05dbcd8\" data-id=\"05dbcd8\" data-element_type=\"column\">\r\n\t\t\t<div class=\"elementor-widget-wrap elementor-element-populated\">\r\n\t\t\t\t\t\t\t\t<div class=\"elementor-element elementor-element-d75d3e7 elementor-widget elementor-widget-text-editor\" data-id=\"d75d3e7\" data-element_type=\"widget\" data-widget_type=\"text-editor.default\">\r\n\t\t\t\t<div class=\"elementor-widget-container\">\r\n\t\t\t\t\t<div class=\"elementor-text-editor elementor-clearfix\"><h5><a href=\"http:\/\/aveobilisim.com\/?page_id=1454\" target=\"_blank\" rel=\"noopener\"><span style=\"color: #333399;\"><strong>Provea Satellite<\/strong><\/span><\/a><\/h5><\/div>\r\n\t\t\t\t<\/div>\r\n\t\t\t\t<\/div>\r\n\t\t\t\t<div class=\"elementor-element elementor-element-fe01ab5 elementor-widget elementor-widget-image\" data-id=\"fe01ab5\" data-element_type=\"widget\" data-widget_type=\"image.default\">\r\n\t\t\t\t<div class=\"elementor-widget-container\">\r\n\t\t\t\t\t<div class=\"elementor-image\">\r\n\t\t\t\t\t\t\t\t\t\t\t<a href=\"http:\/\/aveobilisim.com\/?page_id=1454\" target=\"_blank\">\r\n\t\t\t\t\t\t\t<img src=\"http:\/\/aveobilisim.com\/wp-content\/uploads\/elementor\/thumbs\/about4-pl64iifnjng1827cwu1bqw7oatk6f25tgvdbb4dt46.jpg\" title=\"about4\" alt=\"about4\" \/>\t\t\t\t\t\t\t\t<\/a>\r\n\t\t\t\t\t\t\t\t\t\t\t<\/div>\r\n\t\t\t\t<\/div>\r\n\t\t\t\t<\/div>\r\n\t\t\t\t\t<\/div>\r\n\t\t<\/div>\r\n\t\t\t\t\t\t\t<\/div>\r\n\t\t<\/section>\r\n\t\t\t\t\t<\/div>\r\n\t\t<\/div>\r\n\t\t\t\t\t\t\t<\/div>\r\n\t\t<\/section>\r\n\t\t\t\t<section class=\"elementor-section elementor-top-section elementor-element elementor-element-207ef6e elementor-section-boxed elementor-section-height-default elementor-section-height-default\" data-id=\"207ef6e\" data-element_type=\"section\" data-settings=\"{&quot;background_background&quot;:&quot;classic&quot;}\">\r\n\t\t\t\t\t\t<div class=\"elementor-container elementor-column-gap-default\">\r\n\t\t\t\t\t<div class=\"elementor-column elementor-col-100 elementor-top-column elementor-element elementor-element-f0af965\" data-id=\"f0af965\" data-element_type=\"column\">\r\n\t\t\t<div class=\"elementor-widget-wrap elementor-element-populated\">\r\n\t\t\t\t\t\t\t\t<div class=\"elementor-element elementor-element-5539c9f elementor-widget elementor-widget-heading\" data-id=\"5539c9f\" data-element_type=\"widget\" data-widget_type=\"heading.default\">\r\n\t\t\t\t<div class=\"elementor-widget-container\">\r\n\t\t\t<h1 class=\"elementor-heading-title elementor-size-default\">Our Team<\/h1>\t\t<\/div>\r\n\t\t\t\t<\/div>\r\n\t\t\t\t\t<\/div>\r\n\t\t<\/div>\r\n\t\t\t\t\t\t\t<\/div>\r\n\t\t<\/section>\r\n\t\t\t\t<section class=\"elementor-section elementor-top-section elementor-element elementor-element-014e1dd elementor-section-boxed elementor-section-height-default elementor-section-height-default\" data-id=\"014e1dd\" data-element_type=\"section\">\r\n\t\t\t\t\t\t<div class=\"elementor-container elementor-column-gap-default\">\r\n\t\t\t\t\t<div class=\"elementor-column elementor-col-33 elementor-top-column elementor-element elementor-element-9fcf727\" data-id=\"9fcf727\" data-element_type=\"column\">\r\n\t\t\t<div class=\"elementor-widget-wrap elementor-element-populated\">\r\n\t\t\t\t\t\t\t\t<div class=\"elementor-element elementor-element-d565814 elementor-widget elementor-widget-image\" data-id=\"d565814\" data-element_type=\"widget\" data-widget_type=\"image.default\">\r\n\t\t\t\t<div class=\"elementor-widget-container\">\r\n\t\t\t\t\t<div class=\"elementor-image\">\r\n\t\t\t\t\t\t\t\t\t\t<img src=\"http:\/\/aveobilisim.com\/wp-content\/uploads\/elementor\/thumbs\/about6-pl64iifjw33q732nr84mc3e3v17n63h8d380eldcck.png\" title=\"about6\" alt=\"about6\" \/>\t\t\t\t\t\t\t\t\t\t\t<\/div>\r\n\t\t\t\t<\/div>\r\n\t\t\t\t<\/div>\r\n\t\t\t\t<div class=\"elementor-element elementor-element-7a4bf66 elementor-widget elementor-widget-text-editor\" data-id=\"7a4bf66\" data-element_type=\"widget\" data-widget_type=\"text-editor.default\">\r\n\t\t\t\t<div class=\"elementor-widget-container\">\r\n\t\t\t\t\t<div class=\"elementor-text-editor elementor-clearfix\"><h4 style=\"text-align: center;\"><span style=\"color: #000000;\"><strong>Dr. AY\u015eE AY\u015eEN KARAKA\u015e<\/strong><\/span><\/h4><h4 style=\"text-align: center;\"><span style=\"color: #0000ff;\"><strong>CO-FOUNDER<\/strong><\/span><\/h4><h6 style=\"text-align: center;\"><span style=\"color: #808080;\"><strong>AGRICULTURAL ECONOMIST<\/strong><\/span><\/h6><\/div>\r\n\t\t\t\t<\/div>\r\n\t\t\t\t<\/div>\r\n\t\t\t\t\t<\/div>\r\n\t\t<\/div>\r\n\t\t\t\t<div class=\"elementor-column elementor-col-33 elementor-top-column elementor-element elementor-element-eb50f80\" data-id=\"eb50f80\" data-element_type=\"column\">\r\n\t\t\t<div class=\"elementor-widget-wrap elementor-element-populated\">\r\n\t\t\t\t\t\t\t\t<div class=\"elementor-element elementor-element-5f21c3f elementor-widget elementor-widget-image\" data-id=\"5f21c3f\" data-element_type=\"widget\" data-widget_type=\"image.default\">\r\n\t\t\t\t<div class=\"elementor-widget-container\">\r\n\t\t\t\t\t<div class=\"elementor-image\">\r\n\t\t\t\t\t\t\t\t\t\t<img src=\"http:\/\/aveobilisim.com\/wp-content\/uploads\/elementor\/thumbs\/about5-pl64iifjw33q732nr84mc3e3v17n63h8d380eldcck.png\" title=\"about5\" alt=\"about5\" \/>\t\t\t\t\t\t\t\t\t\t\t<\/div>\r\n\t\t\t\t<\/div>\r\n\t\t\t\t<\/div>\r\n\t\t\t\t<div class=\"elementor-element elementor-element-76b2b78 elementor-widget elementor-widget-text-editor\" data-id=\"76b2b78\" data-element_type=\"widget\" data-widget_type=\"text-editor.default\">\r\n\t\t\t\t<div class=\"elementor-widget-container\">\r\n\t\t\t\t\t<div class=\"elementor-text-editor elementor-clearfix\"><h4 style=\"text-align: center;\"><span style=\"color: #000000;\"><strong>OSMAN SELAM\u0130 BUDAK<\/strong><\/span><\/h4><h4 style=\"text-align: center;\"><span style=\"color: #0000ff;\"><strong>CO-FOUNDER<\/strong><\/span><\/h4><h6 style=\"text-align: center;\"><span style=\"color: #808080;\"><strong>ELECTRONIC COMMUNICATIONS ENGINEER<\/strong><\/span><\/h6><\/div>\r\n\t\t\t\t<\/div>\r\n\t\t\t\t<\/div>\r\n\t\t\t\t\t<\/div>\r\n\t\t<\/div>\r\n\t\t\t\t<div class=\"elementor-column elementor-col-33 elementor-top-column elementor-element elementor-element-d61bc74\" data-id=\"d61bc74\" data-element_type=\"column\">\r\n\t\t\t<div class=\"elementor-widget-wrap elementor-element-populated\">\r\n\t\t\t\t\t\t\t\t<div class=\"elementor-element elementor-element-452d5f2 elementor-widget elementor-widget-image\" data-id=\"452d5f2\" data-element_type=\"widget\" data-widget_type=\"image.default\">\r\n\t\t\t\t<div class=\"elementor-widget-container\">\r\n\t\t\t\t\t<div class=\"elementor-image\">\r\n\t\t\t\t\t\t\t\t\t\t<img src=\"http:\/\/aveobilisim.com\/wp-content\/uploads\/elementor\/thumbs\/ozkan-pl64icsir2w09fauo5oux4tcapzfvwuucbb3ixlpdw.jpg\" title=\"\u00f6zkan\" alt=\"\u00f6zkan\" \/>\t\t\t\t\t\t\t\t\t\t\t<\/div>\r\n\t\t\t\t<\/div>\r\n\t\t\t\t<\/div>\r\n\t\t\t\t<div class=\"elementor-element elementor-element-f5b171a elementor-widget elementor-widget-text-editor\" data-id=\"f5b171a\" data-element_type=\"widget\" data-widget_type=\"text-editor.default\">\r\n\t\t\t\t<div class=\"elementor-widget-container\">\r\n\t\t\t\t\t<div class=\"elementor-text-editor elementor-clearfix\"><h4 style=\"text-align: center;\"><span style=\"color: #000000;\"><strong>Dr. \u00d6ZKAN KILI\u00c7<\/strong><\/span><\/h4><h6 style=\"text-align: center;\"><span style=\"color: #808080;\"><strong>LEAD DATA SCIENTIST<\/strong><\/span><\/h6><h4>\u00a0<\/h4><\/div>\r\n\t\t\t\t<\/div>\r\n\t\t\t\t<\/div>\r\n\t\t\t\t\t<\/div>\r\n\t\t<\/div>\r\n\t\t\t\t\t\t\t<\/div>\r\n\t\t<\/section>\r\n\t\t\t\t<section class=\"elementor-section elementor-top-section elementor-element elementor-element-83ae92d elementor-section-boxed elementor-section-height-default elementor-section-height-default\" data-id=\"83ae92d\" data-element_type=\"section\">\r\n\t\t\t\t\t\t<div class=\"elementor-container elementor-column-gap-default\">\r\n\t\t\t\t\t<div class=\"elementor-column elementor-col-100 elementor-top-column elementor-element elementor-element-89d3d46\" data-id=\"89d3d46\" data-element_type=\"column\">\r\n\t\t\t<div class=\"elementor-widget-wrap elementor-element-populated\">\r\n\t\t\t\t\t\t\t\t<section class=\"elementor-section elementor-inner-section elementor-element elementor-element-a27c5de elementor-section-boxed elementor-section-height-default elementor-section-height-default\" data-id=\"a27c5de\" data-element_type=\"section\">\r\n\t\t\t\t\t\t<div class=\"elementor-container elementor-column-gap-default\">\r\n\t\t\t\t\t<div class=\"elementor-column elementor-col-50 elementor-inner-column elementor-element elementor-element-43e0c65\" data-id=\"43e0c65\" data-element_type=\"column\">\r\n\t\t\t<div class=\"elementor-widget-wrap elementor-element-populated\">\r\n\t\t\t\t\t\t\t\t<div class=\"elementor-element elementor-element-068ac9b elementor-widget elementor-widget-image\" data-id=\"068ac9b\" data-element_type=\"widget\" data-widget_type=\"image.default\">\r\n\t\t\t\t<div class=\"elementor-widget-container\">\r\n\t\t\t\t\t<div class=\"elementor-image\">\r\n\t\t\t\t\t\t\t\t\t\t<img src=\"http:\/\/aveobilisim.com\/wp-content\/plugins\/elementor\/assets\/images\/placeholder.png\" title=\"\" alt=\"\" \/>\t\t\t\t\t\t\t\t\t\t\t<\/div>\r\n\t\t\t\t<\/div>\r\n\t\t\t\t<\/div>\r\n\t\t\t\t<div class=\"elementor-element elementor-element-33ad1f5 elementor-widget elementor-widget-text-editor\" data-id=\"33ad1f5\" data-element_type=\"widget\" data-widget_type=\"text-editor.default\">\r\n\t\t\t\t<div class=\"elementor-widget-container\">\r\n\t\t\t\t\t<div class=\"elementor-text-editor elementor-clearfix\"><h4 style=\"text-align: center;\"><span style=\"color: #000000;\"><strong>YEKTA CAN YILDIRIM<\/strong><\/span><\/h4><h6 style=\"text-align: center;\"><strong><span style=\"color: #808080;\">SOFTWARE ENGINEER<\/span><\/strong><\/h6><\/div>\r\n\t\t\t\t<\/div>\r\n\t\t\t\t<\/div>\r\n\t\t\t\t\t<\/div>\r\n\t\t<\/div>\r\n\t\t\t\t<div class=\"elementor-column elementor-col-50 elementor-inner-column elementor-element elementor-element-986386f\" data-id=\"986386f\" data-element_type=\"column\">\r\n\t\t\t<div class=\"elementor-widget-wrap elementor-element-populated\">\r\n\t\t\t\t\t\t\t\t<div class=\"elementor-element elementor-element-c59d8be elementor-widget elementor-widget-image\" data-id=\"c59d8be\" data-element_type=\"widget\" data-widget_type=\"image.default\">\r\n\t\t\t\t<div class=\"elementor-widget-container\">\r\n\t\t\t\t\t<div class=\"elementor-image\">\r\n\t\t\t\t\t\t\t\t\t\t<img src=\"http:\/\/aveobilisim.com\/wp-content\/plugins\/elementor\/assets\/images\/placeholder.png\" title=\"\" alt=\"\" \/>\t\t\t\t\t\t\t\t\t\t\t<\/div>\r\n\t\t\t\t<\/div>\r\n\t\t\t\t<\/div>\r\n\t\t\t\t<div class=\"elementor-element elementor-element-a08022a elementor-widget elementor-widget-text-editor\" data-id=\"a08022a\" data-element_type=\"widget\" data-widget_type=\"text-editor.default\">\r\n\t\t\t\t<div class=\"elementor-widget-container\">\r\n\t\t\t\t\t<div class=\"elementor-text-editor elementor-clearfix\"><h4 style=\"text-align: center;\"><span style=\"color: #000000;\"><strong>EBRU ORAK\u00c7IO\u011eLU<\/strong><\/span><\/h4><h6 style=\"text-align: center;\"><strong><span style=\"color: #808080;\">SOFTWARE ENGINEER<\/span><\/strong><\/h6><p>.<\/p><\/div>\r\n\t\t\t\t<\/div>\r\n\t\t\t\t<\/div>\r\n\t\t\t\t\t<\/div>\r\n\t\t<\/div>\r\n\t\t\t\t\t\t\t<\/div>\r\n\t\t<\/section>\r\n\t\t\t\t\t<\/div>\r\n\t\t<\/div>\r\n\t\t\t\t\t\t\t<\/div>\r\n\t\t<\/section>\r\n\t\t\t\t\t\t<\/div>\r\n\t\t\t\t\t<\/div>\r\n\t\t","protected":false},"excerpt":{"rendered":"<p>ABOUT ABOUT AVEO Informatics Engineering Project and Consultancy Audit Trade Limited Company started its activities in May 2012. Our company was established to prepare R&amp;D projects, provide investment and financial consultancy services, and prepare feasibility studies for local, regional and national investment projects. Projects have been developed and studies are ongoing in order to benefit &hellip;<\/p>\n<p class=\"read-more\"> <a class=\"\" href=\"http:\/\/aveobilisim.com\/?page_id=2197\"> <span class=\"screen-reader-text\">About<\/span> Read More &raquo;<\/a><\/p>\n","protected":false},"author":1,"featured_media":0,"parent":0,"menu_order":0,"comment_status":"closed","ping_status":"closed","template":"","meta":[],"_links":{"self":[{"href":"http:\/\/aveobilisim.com\/index.php?rest_route=\/wp\/v2\/pages\/2197"}],"collection":[{"href":"http:\/\/aveobilisim.com\/index.php?rest_route=\/wp\/v2\/pages"}],"about":[{"href":"http:\/\/aveobilisim.com\/index.php?rest_route=\/wp\/v2\/types\/page"}],"author":[{"embeddable":true,"href":"http:\/\/aveobilisim.com\/index.php?rest_route=\/wp\/v2\/users\/1"}],"replies":[{"embeddable":true,"href":"http:\/\/aveobilisim.com\/index.php?rest_route=%2Fwp%2Fv2%2Fcomments&post=2197"}],"version-history":[{"count":176,"href":"http:\/\/aveobilisim.com\/index.php?rest_route=\/wp\/v2\/pages\/2197\/revisions"}],"predecessor-version":[{"id":2816,"href":"http:\/\/aveobilisim.com\/index.php?rest_route=\/wp\/v2\/pages\/2197\/revisions\/2816"}],"wp:attachment":[{"href":"http:\/\/aveobilisim.com\/index.php?rest_route=%2Fwp%2Fv2%2Fmedia&parent=2197"}],"curies":[{"name":"wp","href":"https:\/\/api.w.org\/{rel}","templated":true}]}}