{"id":34,"date":"2021-03-29T06:30:58","date_gmt":"2021-03-29T06:30:58","guid":{"rendered":"http:\/\/aveobilisim.com.tr\/tech\/?page_id=34"},"modified":"2022-03-07T09:16:14","modified_gmt":"2022-03-07T09:16:14","slug":"ana-sayfa","status":"publish","type":"page","link":"http:\/\/aveobilisim.com\/?page_id=34","title":{"rendered":"Ana Sayfa"},"content":{"rendered":"\t\t<div data-elementor-type=\"wp-page\" data-elementor-id=\"34\" class=\"elementor elementor-34\" data-elementor-settings=\"[]\">\r\n\t\t\t\t\t\t\t<div class=\"elementor-section-wrap\">\r\n\t\t\t\t\t\t\t<section class=\"elementor-section elementor-top-section elementor-element elementor-element-5c1157a elementor-section-full_width elementor-section-height-default elementor-section-height-default\" data-id=\"5c1157a\" data-element_type=\"section\">\r\n\t\t\t\t\t\t<div class=\"elementor-container elementor-column-gap-default\">\r\n\t\t\t\t\t<div class=\"elementor-column elementor-col-100 elementor-top-column elementor-element elementor-element-623e3df\" data-id=\"623e3df\" data-element_type=\"column\">\r\n\t\t\t<div class=\"elementor-widget-wrap elementor-element-populated\">\r\n\t\t\t\t\t\t\t\t\t<\/div>\r\n\t\t<\/div>\r\n\t\t\t\t\t\t\t<\/div>\r\n\t\t<\/section>\r\n\t\t\t\t<section class=\"elementor-section elementor-top-section elementor-element elementor-element-8bb5b80 elementor-section-full_width elementor-section-height-default elementor-section-height-default\" data-id=\"8bb5b80\" data-element_type=\"section\">\r\n\t\t\t\t\t\t<div class=\"elementor-container elementor-column-gap-default\">\r\n\t\t\t\t\t<div class=\"elementor-column elementor-col-100 elementor-top-column elementor-element elementor-element-86b368e\" data-id=\"86b368e\" data-element_type=\"column\">\r\n\t\t\t<div class=\"elementor-widget-wrap elementor-element-populated\">\r\n\t\t\t\t\t\t\t\t<div class=\"elementor-element elementor-element-fb3da1e elementor-hidden-phone elementor-widget elementor-widget-heading\" data-id=\"fb3da1e\" data-element_type=\"widget\" data-widget_type=\"heading.default\">\r\n\t\t\t\t<div class=\"elementor-widget-container\">\r\n\t\t\t<h1 class=\"elementor-heading-title elementor-size-default\">\u00dcR\u00dcNLER\u0130M\u0130Z<\/h1>\t\t<\/div>\r\n\t\t\t\t<\/div>\r\n\t\t\t\t<div class=\"elementor-element elementor-element-1732fcc elementor-hidden-desktop elementor-hidden-tablet elementor-widget elementor-widget-heading\" data-id=\"1732fcc\" data-element_type=\"widget\" data-widget_type=\"heading.default\">\r\n\t\t\t\t<div class=\"elementor-widget-container\">\r\n\t\t\t<h3 class=\"elementor-heading-title elementor-size-default\">\u00dcr\u00fcnlerimiz<\/h3>\t\t<\/div>\r\n\t\t\t\t<\/div>\r\n\t\t\t\t\t<\/div>\r\n\t\t<\/div>\r\n\t\t\t\t\t\t\t<\/div>\r\n\t\t<\/section>\r\n\t\t\t\t<section class=\"elementor-section elementor-top-section elementor-element elementor-element-29dae14 elementor-section-full_width elementor-section-height-default elementor-section-height-default\" data-id=\"29dae14\" data-element_type=\"section\" data-settings=\"{&quot;background_background&quot;:&quot;classic&quot;}\">\r\n\t\t\t\t\t\t<div class=\"elementor-container elementor-column-gap-default\">\r\n\t\t\t\t\t<div class=\"elementor-column elementor-col-50 elementor-top-column elementor-element elementor-element-db22c0c\" data-id=\"db22c0c\" data-element_type=\"column\">\r\n\t\t\t<div class=\"elementor-widget-wrap elementor-element-populated\">\r\n\t\t\t\t\t\t\t\t<div class=\"elementor-element elementor-element-8cc498e elementor-widget elementor-widget-heading\" data-id=\"8cc498e\" data-element_type=\"widget\" data-widget_type=\"heading.default\">\r\n\t\t\t\t<div class=\"elementor-widget-container\">\r\n\t\t\t<h4 class=\"elementor-heading-title elementor-size-default\"><a href=\"http:\/\/aveobilisim.com.tr\/?page_id=168\">Provea Analysis<\/a><\/h4>\t\t<\/div>\r\n\t\t\t\t<\/div>\r\n\t\t\t\t<div class=\"elementor-element elementor-element-8772dbd elementor-widget elementor-widget-text-editor\" data-id=\"8772dbd\" data-element_type=\"widget\" data-widget_type=\"text-editor.default\">\r\n\t\t\t\t<div class=\"elementor-widget-container\">\r\n\t\t\t\t\t<div class=\"elementor-text-editor elementor-clearfix\"><p><span style=\"color: #000000;\">Tar\u0131m ve Orman Bakanl\u0131\u011f\u0131 deste\u011fi ile bitkisel \u00fcretim verilerinin ve multispectral uzaktan alg\u0131lama g\u00f6r\u00fcnt\u00fclerinin makine \u00f6\u011frenme teknikleriyle yeniden yorumlanmas\u0131yla ba\u015flayan \u2018Provea Hassas Tar\u0131m Karar Destek Sistemi\u2019 kullan\u0131m\u0131, g\u00fcn\u00fcm\u00fczde bir\u00e7ok \u00fcr\u00fcnde verim\/rekolte, hastal\u0131k ve zararl\u0131 etkisi, su stresi, bitki besin maddesi ihtiyac\u0131 ve hasar tespiti belirleme \u00e7al\u0131\u015fmalar\u0131 ile devam etmektedir.<\/span><\/p><\/div>\r\n\t\t\t\t<\/div>\r\n\t\t\t\t<\/div>\r\n\t\t\t\t<div class=\"elementor-element elementor-element-e160744 elementor-widget elementor-widget-image\" data-id=\"e160744\" data-element_type=\"widget\" data-widget_type=\"image.default\">\r\n\t\t\t\t<div class=\"elementor-widget-container\">\r\n\t\t\t\t\t<div class=\"elementor-image\">\r\n\t\t\t\t\t\t\t\t\t\t\t<a href=\"http:\/\/aveobilisim.com\/?page_id=168\">\r\n\t\t\t\t\t\t\t<img src=\"http:\/\/aveobilisim.com\/wp-content\/uploads\/elementor\/thumbs\/analysis-pl64ipybugy1b32rv13abjfi40xjacrqxhdhi686go.png\" title=\"analysis\" alt=\"analysis\" \/>\t\t\t\t\t\t\t\t<\/a>\r\n\t\t\t\t\t\t\t\t\t\t\t<\/div>\r\n\t\t\t\t<\/div>\r\n\t\t\t\t<\/div>\r\n\t\t\t\t\t<\/div>\r\n\t\t<\/div>\r\n\t\t\t\t<div class=\"elementor-column elementor-col-50 elementor-top-column elementor-element elementor-element-1c6759d\" data-id=\"1c6759d\" data-element_type=\"column\">\r\n\t\t\t<div class=\"elementor-widget-wrap elementor-element-populated\">\r\n\t\t\t\t\t\t\t\t<div class=\"elementor-element elementor-element-994b182 elementor-widget elementor-widget-heading\" data-id=\"994b182\" data-element_type=\"widget\" data-widget_type=\"heading.default\">\r\n\t\t\t\t<div class=\"elementor-widget-container\">\r\n\t\t\t<h4 class=\"elementor-heading-title elementor-size-default\"><a href=\"http:\/\/aveobilisim.com.tr\/?page_id=38\">Provea Satellite<\/a><\/h4>\t\t<\/div>\r\n\t\t\t\t<\/div>\r\n\t\t\t\t<div class=\"elementor-element elementor-element-61af304 elementor-widget elementor-widget-text-editor\" data-id=\"61af304\" data-element_type=\"widget\" data-widget_type=\"text-editor.default\">\r\n\t\t\t\t<div class=\"elementor-widget-container\">\r\n\t\t\t\t\t<div class=\"elementor-text-editor elementor-clearfix\"><p><span style=\"color: #000000;\">Provea Satellite,\u00a0 uydu g\u00f6r\u00fcnt\u00fclerini zaman serileri halinde kullanarak bitki sa\u011fl\u0131\u011f\u0131, su stresi ve nitrojen izleme hizmetleri sunan bir web servistir. Provea Hassas Tar\u0131m Karar Destek Sistemi ile entegre olarak ugulanmaktad\u0131r. \u00a0<\/span><\/p><p><span style=\"color: #000000;\">\u00a0<\/span><\/p><\/div>\r\n\t\t\t\t<\/div>\r\n\t\t\t\t<\/div>\r\n\t\t\t\t<div class=\"elementor-element elementor-element-d99a67a elementor-widget elementor-widget-image\" data-id=\"d99a67a\" data-element_type=\"widget\" data-widget_type=\"image.default\">\r\n\t\t\t\t<div class=\"elementor-widget-container\">\r\n\t\t\t\t\t<div class=\"elementor-image\">\r\n\t\t\t\t\t\t\t\t\t\t\t<a href=\"http:\/\/aveobilisim.com\/?page_id=38\">\r\n\t\t\t\t\t\t\t<img src=\"http:\/\/aveobilisim.com\/wp-content\/uploads\/elementor\/thumbs\/satellite-pl64ipybugy1b32rv13abjfi40xjacrqxhdhi686go.png\" title=\"satellite\" alt=\"satellite\" \/>\t\t\t\t\t\t\t\t<\/a>\r\n\t\t\t\t\t\t\t\t\t\t\t<\/div>\r\n\t\t\t\t<\/div>\r\n\t\t\t\t<\/div>\r\n\t\t\t\t\t<\/div>\r\n\t\t<\/div>\r\n\t\t\t\t\t\t\t<\/div>\r\n\t\t<\/section>\r\n\t\t\t\t\t\t<\/div>\r\n\t\t\t\t\t<\/div>\r\n\t\t","protected":false},"excerpt":{"rendered":"<p>\u00dcR\u00dcNLER\u0130M\u0130Z \u00dcr\u00fcnlerimiz Provea Analysis Tar\u0131m ve Orman Bakanl\u0131\u011f\u0131 deste\u011fi ile bitkisel \u00fcretim verilerinin ve multispectral uzaktan alg\u0131lama g\u00f6r\u00fcnt\u00fclerinin makine \u00f6\u011frenme teknikleriyle yeniden yorumlanmas\u0131yla ba\u015flayan \u2018Provea Hassas Tar\u0131m Karar Destek Sistemi\u2019 kullan\u0131m\u0131, g\u00fcn\u00fcm\u00fczde bir\u00e7ok \u00fcr\u00fcnde verim\/rekolte, hastal\u0131k ve zararl\u0131 etkisi, su stresi, bitki besin maddesi ihtiyac\u0131 ve hasar tespiti belirleme \u00e7al\u0131\u015fmalar\u0131 ile devam etmektedir. Provea Satellite &hellip;<\/p>\n<p class=\"read-more\"> <a class=\"\" href=\"http:\/\/aveobilisim.com\/?page_id=34\"> <span class=\"screen-reader-text\">Ana Sayfa<\/span> Read More &raquo;<\/a><\/p>\n","protected":false},"author":2,"featured_media":0,"parent":0,"menu_order":0,"comment_status":"closed","ping_status":"closed","template":"","meta":[],"_links":{"self":[{"href":"http:\/\/aveobilisim.com\/index.php?rest_route=\/wp\/v2\/pages\/34"}],"collection":[{"href":"http:\/\/aveobilisim.com\/index.php?rest_route=\/wp\/v2\/pages"}],"about":[{"href":"http:\/\/aveobilisim.com\/index.php?rest_route=\/wp\/v2\/types\/page"}],"author":[{"embeddable":true,"href":"http:\/\/aveobilisim.com\/index.php?rest_route=\/wp\/v2\/users\/2"}],"replies":[{"embeddable":true,"href":"http:\/\/aveobilisim.com\/index.php?rest_route=%2Fwp%2Fv2%2Fcomments&post=34"}],"version-history":[{"count":9,"href":"http:\/\/aveobilisim.com\/index.php?rest_route=\/wp\/v2\/pages\/34\/revisions"}],"predecessor-version":[{"id":2915,"href":"http:\/\/aveobilisim.com\/index.php?rest_route=\/wp\/v2\/pages\/34\/revisions\/2915"}],"wp:attachment":[{"href":"http:\/\/aveobilisim.com\/index.php?rest_route=%2Fwp%2Fv2%2Fmedia&parent=34"}],"curies":[{"name":"wp","href":"https:\/\/api.w.org\/{rel}","templated":true}]}}