{"id":40,"date":"2021-03-29T06:34:27","date_gmt":"2021-03-29T06:34:27","guid":{"rendered":"http:\/\/aveobilisim.com.tr\/tech\/?page_id=40"},"modified":"2022-03-04T08:46:43","modified_gmt":"2022-03-04T08:46:43","slug":"iletisim","status":"publish","type":"page","link":"http:\/\/aveobilisim.com\/?page_id=40","title":{"rendered":"\u0130leti\u015fim"},"content":{"rendered":"\t\t<div data-elementor-type=\"wp-page\" data-elementor-id=\"40\" class=\"elementor elementor-40\" data-elementor-settings=\"[]\">\r\n\t\t\t\t\t\t\t<div class=\"elementor-section-wrap\">\r\n\t\t\t\t\t\t\t<section class=\"elementor-section elementor-top-section elementor-element elementor-element-062a8ee elementor-section-full_width elementor-section-height-default elementor-section-height-default\" data-id=\"062a8ee\" data-element_type=\"section\" data-settings=\"{&quot;background_background&quot;:&quot;classic&quot;}\">\r\n\t\t\t\t\t\t<div class=\"elementor-container elementor-column-gap-no\">\r\n\t\t\t\t\t<div class=\"elementor-column elementor-col-100 elementor-top-column elementor-element elementor-element-acb50f6\" data-id=\"acb50f6\" data-element_type=\"column\">\r\n\t\t\t<div class=\"elementor-widget-wrap elementor-element-populated\">\r\n\t\t\t\t\t\t\t\t<div class=\"elementor-element elementor-element-37fa7f0 elementor-widget elementor-widget-heading\" data-id=\"37fa7f0\" data-element_type=\"widget\" data-widget_type=\"heading.default\">\r\n\t\t\t\t<div class=\"elementor-widget-container\">\r\n\t\t\t<h3 class=\"elementor-heading-title elementor-size-default\">Aveo Bili\u015fim<\/h3>\t\t<\/div>\r\n\t\t\t\t<\/div>\r\n\t\t\t\t<div class=\"elementor-element elementor-element-5d777cf elementor-widget elementor-widget-google_maps\" data-id=\"5d777cf\" data-element_type=\"widget\" data-widget_type=\"google_maps.default\">\r\n\t\t\t\t<div class=\"elementor-widget-container\">\r\n\t\t\t<div class=\"elementor-custom-embed\"><iframe frameborder=\"0\" scrolling=\"no\" marginheight=\"0\" marginwidth=\"0\" src=\"https:\/\/maps.google.com\/maps?q=AVEO%20B%C4%B0L%C4%B0%C5%9E%C4%B0M&amp;t=m&amp;z=13&amp;output=embed&amp;iwloc=near\" title=\"AVEO B\u0130L\u0130\u015e\u0130M\" aria-label=\"AVEO B\u0130L\u0130\u015e\u0130M\"><\/iframe><\/div>\t\t<\/div>\r\n\t\t\t\t<\/div>\r\n\t\t\t\t\t<\/div>\r\n\t\t<\/div>\r\n\t\t\t\t\t\t\t<\/div>\r\n\t\t<\/section>\r\n\t\t\t\t<section class=\"elementor-section elementor-top-section elementor-element elementor-element-cc79f9d elementor-section-full_width elementor-section-height-default elementor-section-height-default\" data-id=\"cc79f9d\" data-element_type=\"section\">\r\n\t\t\t\t\t\t<div class=\"elementor-container elementor-column-gap-default\">\r\n\t\t\t\t\t<div class=\"elementor-column elementor-col-100 elementor-top-column elementor-element elementor-element-ebe5a5b\" data-id=\"ebe5a5b\" data-element_type=\"column\" data-settings=\"{&quot;background_background&quot;:&quot;classic&quot;}\">\r\n\t\t\t<div class=\"elementor-widget-wrap elementor-element-populated\">\r\n\t\t\t\t\t\t\t\t<div class=\"elementor-element elementor-element-093f445 elementor-widget elementor-widget-heading\" data-id=\"093f445\" data-element_type=\"widget\" data-widget_type=\"heading.default\">\r\n\t\t\t\t<div class=\"elementor-widget-container\">\r\n\t\t\t<h3 class=\"elementor-heading-title elementor-size-default\">Aveo Bili\u015fim Ar-Ge Merkezi <\/h3>\t\t<\/div>\r\n\t\t\t\t<\/div>\r\n\t\t\t\t<section class=\"elementor-section elementor-inner-section elementor-element elementor-element-0c0749f elementor-section-full_width elementor-section-height-default elementor-section-height-default\" data-id=\"0c0749f\" data-element_type=\"section\" data-settings=\"{&quot;background_background&quot;:&quot;classic&quot;}\">\r\n\t\t\t\t\t\t<div class=\"elementor-container elementor-column-gap-default\">\r\n\t\t\t\t\t<div class=\"elementor-column elementor-col-50 elementor-inner-column elementor-element elementor-element-263f5d1\" data-id=\"263f5d1\" data-element_type=\"column\">\r\n\t\t\t<div class=\"elementor-widget-wrap elementor-element-populated\">\r\n\t\t\t\t\t\t\t\t<div class=\"elementor-element elementor-element-c83af10 elementor-widget elementor-widget-text-editor\" data-id=\"c83af10\" data-element_type=\"widget\" data-widget_type=\"text-editor.default\">\r\n\t\t\t\t<div class=\"elementor-widget-container\">\r\n\t\t\t\t\t<div class=\"elementor-text-editor elementor-clearfix\"><h5><span style=\"color: #000000;\"><strong>Adresimiz<\/strong><\/span><\/h5><h6 class=\"place-name\"><span style=\"color: #000080;\"><strong>OST\u0130M OSB MAH. OST\u0130M TEKNOPARK TURKUAZ B\u0130NA No:55 E BLOK Kat:7 No:35, 06374, Ostim Osb\/Yenimahalle\/Ankara<\/strong><\/span><\/h6><\/div>\r\n\t\t\t\t<\/div>\r\n\t\t\t\t<\/div>\r\n\t\t\t\t\t<\/div>\r\n\t\t<\/div>\r\n\t\t\t\t<div class=\"elementor-column elementor-col-50 elementor-inner-column elementor-element elementor-element-b23e9f3\" data-id=\"b23e9f3\" data-element_type=\"column\">\r\n\t\t\t<div class=\"elementor-widget-wrap elementor-element-populated\">\r\n\t\t\t\t\t\t\t\t<div class=\"elementor-element elementor-element-20c90f5 elementor-widget elementor-widget-google_maps\" data-id=\"20c90f5\" data-element_type=\"widget\" data-widget_type=\"google_maps.default\">\r\n\t\t\t\t<div class=\"elementor-widget-container\">\r\n\t\t\t<div class=\"elementor-custom-embed\"><iframe frameborder=\"0\" scrolling=\"no\" marginheight=\"0\" marginwidth=\"0\" src=\"https:\/\/maps.google.com\/maps?q=Ostim%20Teknopark%20Turkuaz%20Bina%20&amp;t=m&amp;z=15&amp;output=embed&amp;iwloc=near\" title=\"Ostim Teknopark Turkuaz Bina \" aria-label=\"Ostim Teknopark Turkuaz Bina \"><\/iframe><\/div>\t\t<\/div>\r\n\t\t\t\t<\/div>\r\n\t\t\t\t\t<\/div>\r\n\t\t<\/div>\r\n\t\t\t\t\t\t\t<\/div>\r\n\t\t<\/section>\r\n\t\t\t\t\t<\/div>\r\n\t\t<\/div>\r\n\t\t\t\t\t\t\t<\/div>\r\n\t\t<\/section>\r\n\t\t\t\t\t\t<\/div>\r\n\t\t\t\t\t<\/div>\r\n\t\t","protected":false},"excerpt":{"rendered":"<p>Aveo Bili\u015fim Aveo Bili\u015fim Ar-Ge Merkezi Adresimiz OST\u0130M OSB MAH. OST\u0130M TEKNOPARK TURKUAZ B\u0130NA No:55 E BLOK Kat:7 No:35, 06374, Ostim Osb\/Yenimahalle\/Ankara<\/p>\n","protected":false},"author":2,"featured_media":0,"parent":0,"menu_order":0,"comment_status":"closed","ping_status":"closed","template":"","meta":[],"_links":{"self":[{"href":"http:\/\/aveobilisim.com\/index.php?rest_route=\/wp\/v2\/pages\/40"}],"collection":[{"href":"http:\/\/aveobilisim.com\/index.php?rest_route=\/wp\/v2\/pages"}],"about":[{"href":"http:\/\/aveobilisim.com\/index.php?rest_route=\/wp\/v2\/types\/page"}],"author":[{"embeddable":true,"href":"http:\/\/aveobilisim.com\/index.php?rest_route=\/wp\/v2\/users\/2"}],"replies":[{"embeddable":true,"href":"http:\/\/aveobilisim.com\/index.php?rest_route=%2Fwp%2Fv2%2Fcomments&post=40"}],"version-history":[{"count":6,"href":"http:\/\/aveobilisim.com\/index.php?rest_route=\/wp\/v2\/pages\/40\/revisions"}],"predecessor-version":[{"id":2887,"href":"http:\/\/aveobilisim.com\/index.php?rest_route=\/wp\/v2\/pages\/40\/revisions\/2887"}],"wp:attachment":[{"href":"http:\/\/aveobilisim.com\/index.php?rest_route=%2Fwp%2Fv2%2Fmedia&parent=40"}],"curies":[{"name":"wp","href":"https:\/\/api.w.org\/{rel}","templated":true}]}}