{"id":72,"date":"2021-03-12T06:34:41","date_gmt":"2021-03-12T06:34:41","guid":{"rendered":"http:\/\/aveobilisim.com\/tech\/?page_id=72"},"modified":"2021-03-30T12:57:26","modified_gmt":"2021-03-30T12:57:26","slug":"urunlerimiz","status":"publish","type":"page","link":"http:\/\/aveobilisim.com\/?page_id=72","title":{"rendered":"Products"},"content":{"rendered":"\t\t<div data-elementor-type=\"wp-page\" data-elementor-id=\"72\" class=\"elementor elementor-72\" data-elementor-settings=\"[]\">\r\n\t\t\t\t\t\t\t<div class=\"elementor-section-wrap\">\r\n\t\t\t\t\t\t\t<section class=\"elementor-section elementor-top-section elementor-element elementor-element-98e4794 elementor-section-full_width elementor-section-height-min-height elementor-section-items-top elementor-section-height-default\" data-id=\"98e4794\" data-element_type=\"section\" id=\"180295\" data-settings=\"{&quot;background_background&quot;:&quot;classic&quot;,&quot;animation&quot;:&quot;none&quot;}\">\r\n\t\t\t\t\t\t<div class=\"elementor-container elementor-column-gap-default\">\r\n\t\t\t\t\t<div class=\"elementor-column elementor-col-100 elementor-top-column elementor-element elementor-element-ec63138\" data-id=\"ec63138\" data-element_type=\"column\">\r\n\t\t\t<div class=\"elementor-widget-wrap elementor-element-populated\">\r\n\t\t\t\t\t\t\t\t<div class=\"elementor-element elementor-element-0d8f0c7 elementor-absolute elementor-widget elementor-widget-heading\" data-id=\"0d8f0c7\" data-element_type=\"widget\" data-settings=\"{&quot;_position&quot;:&quot;absolute&quot;}\" data-widget_type=\"heading.default\">\r\n\t\t\t\t<div class=\"elementor-widget-container\">\r\n\t\t\t<h1 class=\"elementor-heading-title elementor-size-default\">PROVEA ANALYSIS<\/h1>\t\t<\/div>\r\n\t\t\t\t<\/div>\r\n\t\t\t\t\t<\/div>\r\n\t\t<\/div>\r\n\t\t\t\t\t\t\t<\/div>\r\n\t\t<\/section>\r\n\t\t\t\t<section class=\"elementor-section elementor-top-section elementor-element elementor-element-d103170 elementor-section-boxed elementor-section-height-default elementor-section-height-default\" data-id=\"d103170\" data-element_type=\"section\">\r\n\t\t\t\t\t\t<div class=\"elementor-container elementor-column-gap-default\">\r\n\t\t\t\t\t<div class=\"elementor-column elementor-col-100 elementor-top-column elementor-element elementor-element-b136b35\" data-id=\"b136b35\" data-element_type=\"column\">\r\n\t\t\t<div class=\"elementor-widget-wrap elementor-element-populated\">\r\n\t\t\t\t\t\t\t\t<div class=\"elementor-element elementor-element-c60057c elementor-widget elementor-widget-text-editor\" data-id=\"c60057c\" data-element_type=\"widget\" data-widget_type=\"text-editor.default\">\r\n\t\t\t\t<div class=\"elementor-widget-container\">\r\n\t\t\t\t\t<div class=\"elementor-text-editor elementor-clearfix\"><h5><strong>A NEW BREAKTHROUGH in PRECISION AGRICULTURE<\/strong><\/h5><p>KOSGEB R &amp; D project was carried out in order to conduct the infrastructure studies of <a href=\"https:\/\/proveaanalysis.com\/\">PROVEA Remote Sensing and Sensitive Agricultural Decision Support System<\/a>, and the studies on Recruitment and Damage \/ Disease detection for the Sultaniye grape species were done., in the measurements which were made by using Unmanned Aerial Vehicles on the vineyards of Sultaniye grape conducted in cooperation with Ala\u015fehir District Directorate of Agriculture. In consequence of this study, the project was successfully completed with high accuracy.<\/p><p>After that, with the support of the Ministry of Agriculture, a TAGEM project has been carried out within the scope of the studies on the re-interpretation of previous grape data with machine learning techniques and the development of PROVEA Remote Sensing Decision Support System. As a result of the successful results obtained in grape, the study has been continued with the collaboration of Manisa Viticulture Institute and the Izmir Olive Research Institute on the grape and olive fields in the Manisa region. The first phase of the study was completed and the measurements have been continued in Ala\u015fehir, G\u00f6lmarmara, Turgutlu, Saruhanl\u0131, Ahmetli and Akhisar districts of Manisa.<\/p><p>As a result of the interpretation of the results obtained in the harvest of grapes and olives, damage \/ disease detection studies are continuing successfully.<\/p><\/div>\r\n\t\t\t\t<\/div>\r\n\t\t\t\t<\/div>\r\n\t\t\t\t\t<\/div>\r\n\t\t<\/div>\r\n\t\t\t\t\t\t\t<\/div>\r\n\t\t<\/section>\r\n\t\t\t\t<section class=\"elementor-section elementor-top-section elementor-element elementor-element-8407a00 elementor-section-full_width elementor-section-height-min-height elementor-section-height-default elementor-section-items-middle\" data-id=\"8407a00\" data-element_type=\"section\" data-settings=\"{&quot;background_background&quot;:&quot;classic&quot;}\">\r\n\t\t\t\t\t\t\t<div class=\"elementor-background-overlay\"><\/div>\r\n\t\t\t\t\t\t\t<div class=\"elementor-container elementor-column-gap-default\">\r\n\t\t\t\t\t<div class=\"elementor-column elementor-col-100 elementor-top-column elementor-element elementor-element-fe9f117\" data-id=\"fe9f117\" data-element_type=\"column\">\r\n\t\t\t<div class=\"elementor-widget-wrap elementor-element-populated\">\r\n\t\t\t\t\t\t\t\t<div class=\"elementor-element elementor-element-9d1b523 elementor-absolute elementor-widget elementor-widget-heading\" data-id=\"9d1b523\" data-element_type=\"widget\" data-settings=\"{&quot;_position&quot;:&quot;absolute&quot;}\" data-widget_type=\"heading.default\">\r\n\t\t\t\t<div class=\"elementor-widget-container\">\r\n\t\t\t<h1 class=\"elementor-heading-title elementor-size-default\">PROVEA SATELLITE<\/h1>\t\t<\/div>\r\n\t\t\t\t<\/div>\r\n\t\t\t\t\t<\/div>\r\n\t\t<\/div>\r\n\t\t\t\t\t\t\t<\/div>\r\n\t\t<\/section>\r\n\t\t\t\t<section class=\"elementor-section elementor-top-section elementor-element elementor-element-2fbc233 elementor-section-boxed elementor-section-height-default elementor-section-height-default\" data-id=\"2fbc233\" data-element_type=\"section\">\r\n\t\t\t\t\t\t<div class=\"elementor-container elementor-column-gap-default\">\r\n\t\t\t\t\t<div class=\"elementor-column elementor-col-100 elementor-top-column elementor-element elementor-element-ff007b5\" data-id=\"ff007b5\" data-element_type=\"column\">\r\n\t\t\t<div class=\"elementor-widget-wrap elementor-element-populated\">\r\n\t\t\t\t\t\t\t\t<div class=\"elementor-element elementor-element-d39bb40 elementor-widget elementor-widget-text-editor\" data-id=\"d39bb40\" data-element_type=\"widget\" data-widget_type=\"text-editor.default\">\r\n\t\t\t\t<div class=\"elementor-widget-container\">\r\n\t\t\t\t\t<div class=\"elementor-text-editor elementor-clearfix\"><h5><strong>SATELLITE IMAGERY IN PRECISION AGRICULTURE<\/strong><\/h5><div>\u00a0<\/div><p><a href=\"http:\/\/www.proveasatellite.com\">Provea Satellite<\/a> is a web service and decision support system application that provides health, water and nitrogen monitoring services using 12-band and 10m resolution Sentinel 2A satellite imagery. Satellite image provider acquires the data every 10-15 days, meaning the users can stay up-to-date with the changes in their lands and plan their actions accordingly. Provea Satellite users can monitor their lands from the past year to the current date with the help of vegetation indices derived from band information of the satellite imagery.<\/p><p>After buying the services, a detailed report that contains the health, nitrogen and water status of their lands will be forwarded to the users in the form of colored maps and graphical information. The colored map data will be provided as a KMZ file that contains the coordinate information of the selected area. Upon the user\u2019s request, an Excel file that contains vegetation index values with coordinate information can also be found within the report files.<\/p><p>Provea Satellite has been in development since 2020 and is contiuously updated with new features for service betterment and user convenience.<\/p><\/div>\r\n\t\t\t\t<\/div>\r\n\t\t\t\t<\/div>\r\n\t\t\t\t\t<\/div>\r\n\t\t<\/div>\r\n\t\t\t\t\t\t\t<\/div>\r\n\t\t<\/section>\r\n\t\t\t\t\t\t<\/div>\r\n\t\t\t\t\t<\/div>\r\n\t\t","protected":false},"excerpt":{"rendered":"<p>PROVEA ANALYSIS A NEW BREAKTHROUGH in PRECISION AGRICULTURE KOSGEB R &amp; D project was carried out in order to conduct the infrastructure studies of PROVEA Remote Sensing and Sensitive Agricultural Decision Support System, and the studies on Recruitment and Damage \/ Disease detection for the Sultaniye grape species were done., in the measurements which were &hellip;<\/p>\n<p class=\"read-more\"> <a class=\"\" href=\"http:\/\/aveobilisim.com\/?page_id=72\"> <span class=\"screen-reader-text\">Products<\/span> Read More &raquo;<\/a><\/p>\n","protected":false},"author":1,"featured_media":0,"parent":0,"menu_order":0,"comment_status":"closed","ping_status":"closed","template":"","meta":[],"_links":{"self":[{"href":"http:\/\/aveobilisim.com\/index.php?rest_route=\/wp\/v2\/pages\/72"}],"collection":[{"href":"http:\/\/aveobilisim.com\/index.php?rest_route=\/wp\/v2\/pages"}],"about":[{"href":"http:\/\/aveobilisim.com\/index.php?rest_route=\/wp\/v2\/types\/page"}],"author":[{"embeddable":true,"href":"http:\/\/aveobilisim.com\/index.php?rest_route=\/wp\/v2\/users\/1"}],"replies":[{"embeddable":true,"href":"http:\/\/aveobilisim.com\/index.php?rest_route=%2Fwp%2Fv2%2Fcomments&post=72"}],"version-history":[{"count":158,"href":"http:\/\/aveobilisim.com\/index.php?rest_route=\/wp\/v2\/pages\/72\/revisions"}],"predecessor-version":[{"id":1480,"href":"http:\/\/aveobilisim.com\/index.php?rest_route=\/wp\/v2\/pages\/72\/revisions\/1480"}],"wp:attachment":[{"href":"http:\/\/aveobilisim.com\/index.php?rest_route=%2Fwp%2Fv2%2Fmedia&parent=72"}],"curies":[{"name":"wp","href":"https:\/\/api.w.org\/{rel}","templated":true}]}}