{"id":986,"date":"2021-03-23T08:18:59","date_gmt":"2021-03-23T08:18:59","guid":{"rendered":"http:\/\/aveobilisim.com\/tech\/?page_id=986"},"modified":"2022-03-04T08:45:18","modified_gmt":"2022-03-04T08:45:18","slug":"contact","status":"publish","type":"page","link":"http:\/\/aveobilisim.com\/?page_id=986","title":{"rendered":"Contact"},"content":{"rendered":"\t\t<div data-elementor-type=\"wp-page\" data-elementor-id=\"986\" class=\"elementor elementor-986\" data-elementor-settings=\"[]\">\r\n\t\t\t\t\t\t\t<div class=\"elementor-section-wrap\">\r\n\t\t\t\t\t\t\t<section class=\"elementor-section elementor-top-section elementor-element elementor-element-10cb2cd elementor-section-full_width elementor-section-height-default elementor-section-height-default\" data-id=\"10cb2cd\" data-element_type=\"section\" data-settings=\"{&quot;background_background&quot;:&quot;classic&quot;}\">\r\n\t\t\t\t\t\t<div class=\"elementor-container elementor-column-gap-default\">\r\n\t\t\t\t\t<div class=\"elementor-column elementor-col-100 elementor-top-column elementor-element elementor-element-1c27f8f\" data-id=\"1c27f8f\" data-element_type=\"column\">\r\n\t\t\t<div class=\"elementor-widget-wrap elementor-element-populated\">\r\n\t\t\t\t\t\t\t\t<div class=\"elementor-element elementor-element-08dafb9 elementor-widget elementor-widget-heading\" data-id=\"08dafb9\" data-element_type=\"widget\" data-widget_type=\"heading.default\">\r\n\t\t\t\t<div class=\"elementor-widget-container\">\r\n\t\t\t<h2 class=\"elementor-heading-title elementor-size-default\">Aveo Bili\u015fim <\/h2>\t\t<\/div>\r\n\t\t\t\t<\/div>\r\n\t\t\t\t<div class=\"elementor-element elementor-element-48fc237 elementor-widget elementor-widget-google_maps\" data-id=\"48fc237\" data-element_type=\"widget\" data-widget_type=\"google_maps.default\">\r\n\t\t\t\t<div class=\"elementor-widget-container\">\r\n\t\t\t<div class=\"elementor-custom-embed\"><iframe frameborder=\"0\" scrolling=\"no\" marginheight=\"0\" marginwidth=\"0\" src=\"https:\/\/maps.google.com\/maps?q=ankara%20aveo%20bili%C5%9Fim&amp;t=m&amp;z=15&amp;output=embed&amp;iwloc=near\" title=\"ankara aveo bili\u015fim\" aria-label=\"ankara aveo bili\u015fim\"><\/iframe><\/div>\t\t<\/div>\r\n\t\t\t\t<\/div>\r\n\t\t\t\t\t<\/div>\r\n\t\t<\/div>\r\n\t\t\t\t\t\t\t<\/div>\r\n\t\t<\/section>\r\n\t\t\t\t<section class=\"elementor-section elementor-top-section elementor-element elementor-element-ad2bd8e elementor-section-full_width elementor-section-height-default elementor-section-height-default\" data-id=\"ad2bd8e\" data-element_type=\"section\" data-settings=\"{&quot;background_background&quot;:&quot;classic&quot;}\">\r\n\t\t\t\t\t\t<div class=\"elementor-container elementor-column-gap-default\">\r\n\t\t\t\t\t<div class=\"elementor-column elementor-col-100 elementor-top-column elementor-element elementor-element-9800cdd\" data-id=\"9800cdd\" data-element_type=\"column\">\r\n\t\t\t<div class=\"elementor-widget-wrap elementor-element-populated\">\r\n\t\t\t\t\t\t\t\t<div class=\"elementor-element elementor-element-cbd9c2b elementor-widget elementor-widget-heading\" data-id=\"cbd9c2b\" data-element_type=\"widget\" data-widget_type=\"heading.default\">\r\n\t\t\t\t<div class=\"elementor-widget-container\">\r\n\t\t\t<h2 class=\"elementor-heading-title elementor-size-default\">Aveo Bili\u015fim R&D Center<\/h2>\t\t<\/div>\r\n\t\t\t\t<\/div>\r\n\t\t\t\t<section class=\"elementor-section elementor-inner-section elementor-element elementor-element-75e0e83 elementor-section-full_width elementor-section-height-default elementor-section-height-default\" data-id=\"75e0e83\" data-element_type=\"section\">\r\n\t\t\t\t\t\t<div class=\"elementor-container elementor-column-gap-default\">\r\n\t\t\t\t\t<div class=\"elementor-column elementor-col-50 elementor-inner-column elementor-element elementor-element-6cbcf0e\" data-id=\"6cbcf0e\" data-element_type=\"column\">\r\n\t\t\t<div class=\"elementor-widget-wrap elementor-element-populated\">\r\n\t\t\t\t\t\t\t\t<div class=\"elementor-element elementor-element-42d36b1 elementor-widget elementor-widget-text-editor\" data-id=\"42d36b1\" data-element_type=\"widget\" data-widget_type=\"text-editor.default\">\r\n\t\t\t\t<div class=\"elementor-widget-container\">\r\n\t\t\t\t\t<div class=\"elementor-text-editor elementor-clearfix\"><h3><b>Address<\/b><\/h3><div class=\"place-name\"><strong><span style=\"color: #0c0c7a;\">Ostim Teknopark Turkuaz Bina<\/span><\/strong><\/div><div class=\"address\"><strong><span style=\"color: #0c0c7a;\">Ostim OSB Mahallesi, 100. Y\u0131l Blv No: 55 E Blok Kat: 7 No: 35, 06374 Ostim Osb\/Yenimahalle\/Ankara<\/span><\/strong><\/div><div>\u00a0<\/div><p>\u00a0<\/p><\/div>\r\n\t\t\t\t<\/div>\r\n\t\t\t\t<\/div>\r\n\t\t\t\t\t<\/div>\r\n\t\t<\/div>\r\n\t\t\t\t<div class=\"elementor-column elementor-col-50 elementor-inner-column elementor-element elementor-element-afb9ff6\" data-id=\"afb9ff6\" data-element_type=\"column\">\r\n\t\t\t<div class=\"elementor-widget-wrap elementor-element-populated\">\r\n\t\t\t\t\t\t\t\t<div class=\"elementor-element elementor-element-66c8a14 elementor-widget elementor-widget-google_maps\" data-id=\"66c8a14\" data-element_type=\"widget\" data-widget_type=\"google_maps.default\">\r\n\t\t\t\t<div class=\"elementor-widget-container\">\r\n\t\t\t<div class=\"elementor-custom-embed\"><iframe frameborder=\"0\" scrolling=\"no\" marginheight=\"0\" marginwidth=\"0\" src=\"https:\/\/maps.google.com\/maps?q=Ostim%20Teknopark%20Turkuaz%20&amp;t=m&amp;z=14&amp;output=embed&amp;iwloc=near\" title=\"Ostim Teknopark Turkuaz \" aria-label=\"Ostim Teknopark Turkuaz \"><\/iframe><\/div>\t\t<\/div>\r\n\t\t\t\t<\/div>\r\n\t\t\t\t\t<\/div>\r\n\t\t<\/div>\r\n\t\t\t\t\t\t\t<\/div>\r\n\t\t<\/section>\r\n\t\t\t\t\t<\/div>\r\n\t\t<\/div>\r\n\t\t\t\t\t\t\t<\/div>\r\n\t\t<\/section>\r\n\t\t\t\t\t\t<\/div>\r\n\t\t\t\t\t<\/div>\r\n\t\t","protected":false},"excerpt":{"rendered":"<p>Aveo Bili\u015fim Aveo Bili\u015fim R&#038;D Center Address Ostim Teknopark Turkuaz BinaOstim OSB Mahallesi, 100. Y\u0131l Blv No: 55 E Blok Kat: 7 No: 35, 06374 Ostim Osb\/Yenimahalle\/Ankara\u00a0 \u00a0<\/p>\n","protected":false},"author":1,"featured_media":0,"parent":0,"menu_order":0,"comment_status":"closed","ping_status":"closed","template":"","meta":[],"_links":{"self":[{"href":"http:\/\/aveobilisim.com\/index.php?rest_route=\/wp\/v2\/pages\/986"}],"collection":[{"href":"http:\/\/aveobilisim.com\/index.php?rest_route=\/wp\/v2\/pages"}],"about":[{"href":"http:\/\/aveobilisim.com\/index.php?rest_route=\/wp\/v2\/types\/page"}],"author":[{"embeddable":true,"href":"http:\/\/aveobilisim.com\/index.php?rest_route=\/wp\/v2\/users\/1"}],"replies":[{"embeddable":true,"href":"http:\/\/aveobilisim.com\/index.php?rest_route=%2Fwp%2Fv2%2Fcomments&post=986"}],"version-history":[{"count":136,"href":"http:\/\/aveobilisim.com\/index.php?rest_route=\/wp\/v2\/pages\/986\/revisions"}],"predecessor-version":[{"id":2884,"href":"http:\/\/aveobilisim.com\/index.php?rest_route=\/wp\/v2\/pages\/986\/revisions\/2884"}],"wp:attachment":[{"href":"http:\/\/aveobilisim.com\/index.php?rest_route=%2Fwp%2Fv2%2Fmedia&parent=986"}],"curies":[{"name":"wp","href":"https:\/\/api.w.org\/{rel}","templated":true}]}}